{"id":4662,"date":"2024-01-24T12:14:19","date_gmt":"2024-01-24T17:14:19","guid":{"rendered":"https:\/\/www.alyak2000.ca\/toiles-pour-rideaux-lateraux\/"},"modified":"2024-12-20T08:45:02","modified_gmt":"2024-12-20T13:45:02","slug":"toiles-pour-rideaux-lateraux","status":"publish","type":"page","link":"https:\/\/www.alyak2000.ca\/fr\/toiles-pour-rideaux-lateraux\/","title":{"rendered":"Toiles pour rideaux lat\u00e9raux"},"content":{"rendered":"\t\t<div data-elementor-type=\"wp-page\" data-elementor-id=\"4662\" class=\"elementor elementor-4662 elementor-3038\" data-elementor-post-type=\"page\">\n\t\t\t\t<div class=\"elementor-element elementor-element-686efdcf e-con-full e-flex e-con e-parent\" data-id=\"686efdcf\" data-element_type=\"container\" data-settings=\"{&quot;background_background&quot;:&quot;classic&quot;}\">\n\t\t\t\t<div class=\"elementor-element elementor-element-32e60d80 elementor-widget-tablet__width-inherit elementor-widget elementor-widget-heading\" data-id=\"32e60d80\" data-element_type=\"widget\" data-widget_type=\"heading.default\">\n\t\t\t\t<div class=\"elementor-widget-container\">\n\t\t\t\t\t<h2 class=\"elementor-heading-title elementor-size-default\">Toiles pour rideaux lat\u00e9raux<\/h2>\t\t\t\t<\/div>\n\t\t\t\t<\/div>\n\t\t\t\t<\/div>\n\t\t<div class=\"elementor-element elementor-element-4f3bc232 e-con-full e-flex e-con e-parent\" data-id=\"4f3bc232\" data-element_type=\"container\">\n\t\t<div class=\"elementor-element elementor-element-42149317 e-con-full e-flex e-con e-child\" data-id=\"42149317\" data-element_type=\"container\">\n\t\t\t\t<div class=\"elementor-element elementor-element-6781b81e elementor-widget elementor-widget-heading\" data-id=\"6781b81e\" data-element_type=\"widget\" data-widget_type=\"heading.default\">\n\t\t\t\t<div class=\"elementor-widget-container\">\n\t\t\t\t\t<h2 class=\"elementor-heading-title elementor-size-default\">Toiles pour rideaux lat\u00e9raux de Alyak 2000 Inc.<\/h2>\t\t\t\t<\/div>\n\t\t\t\t<\/div>\n\t\t\t\t<div class=\"elementor-element elementor-element-4429fbb3 imgfix elementor-widget elementor-widget-image\" data-id=\"4429fbb3\" data-element_type=\"widget\" data-settings=\"{&quot;sticky&quot;:&quot;top&quot;,&quot;sticky_offset&quot;:175,&quot;sticky_effects_offset&quot;:175,&quot;sticky_on&quot;:[&quot;desktop&quot;],&quot;sticky_anchor_link_offset&quot;:0}\" data-widget_type=\"image.default\">\n\t\t\t\t<div class=\"elementor-widget-container\">\n\t\t\t\t\t\t\t\t\t\t\t\t\t\t\t<img fetchpriority=\"high\" decoding=\"async\" width=\"1434\" height=\"1076\" src=\"https:\/\/www.alyak2000.ca\/wp-content\/uploads\/2024\/09\/IMG_4033-1.jpg\" class=\"attachment-full size-full wp-image-4636\" alt=\"\" srcset=\"https:\/\/www.alyak2000.ca\/wp-content\/uploads\/2024\/09\/IMG_4033-1.jpg 1434w, https:\/\/www.alyak2000.ca\/wp-content\/uploads\/2024\/09\/IMG_4033-1-300x225.jpg 300w, https:\/\/www.alyak2000.ca\/wp-content\/uploads\/2024\/09\/IMG_4033-1-1024x768.jpg 1024w, https:\/\/www.alyak2000.ca\/wp-content\/uploads\/2024\/09\/IMG_4033-1-768x576.jpg 768w\" sizes=\"(max-width: 1434px) 100vw, 1434px\" \/>\t\t\t\t\t\t\t\t\t\t\t\t\t\t\t<\/div>\n\t\t\t\t<\/div>\n\t\t\t\t<\/div>\n\t\t<div class=\"elementor-element elementor-element-29db6814 e-con-full e-flex e-con e-child\" data-id=\"29db6814\" data-element_type=\"container\">\n\t\t\t\t<div class=\"elementor-element elementor-element-88d2e43 elementor-widget elementor-widget-text-editor\" data-id=\"88d2e43\" data-element_type=\"widget\" data-widget_type=\"text-editor.default\">\n\t\t\t\t<div class=\"elementor-widget-container\">\n\t\t\t\t\t\t\t\t\t<p>Alyak 2000 Inc. est un leader dans la conception, la fabrication et l&rsquo;entretien de toiles pour camions destin\u00e9es \u00e0 l&rsquo;industrie du transport. Nos toiles pour Rideaux Lat\u00e9raux sont con\u00e7ues pour offrir une protection maximale et une facilit\u00e9 d&rsquo;utilisation, ce qui en fait la solution id\u00e9ale pour remplacer les toiles us\u00e9es ou endommag\u00e9es sur vos syst\u00e8mes de Rideaux Lat\u00e9raux existants. <\/p>\n<p><br><\/p>\n<p><\/p>\n<p>Nous nous sp\u00e9cialisons dans la production de toiles de remplacement de haute qualit\u00e9, compatibles avec une grande vari\u00e9t\u00e9 de syst\u00e8mes de Rideaux Lat\u00e9raux, quel que soit le mod\u00e8le ou la marque. Ces toiles sont con\u00e7ues pour offrir \u00e0 la fois flexibilit\u00e9 et s\u00e9curit\u00e9, garantissant un chargement et un d\u00e9chargement efficaces tout en prot\u00e9geant votre cargaison contre les \u00e9l\u00e9ments. <\/p><p><br><\/p>\n<p><\/p>\n<p><strong>Toiles pour Rideaux Lat\u00e9raux de Alyak 2000 :<\/strong><\/p><p><strong><br><\/strong><\/p>\n<ul>\n<li><strong>Toiles pour Rideaux Lat\u00e9raux<\/strong> : Disponibles exclusivement en <strong>tissu de 22 oz<\/strong>, con\u00e7u pour une durabilit\u00e9 et une r\u00e9sistance exceptionnelles.<\/li>\n<li><strong>Construction de haute qualit\u00e9<\/strong> : Fabriqu\u00e9es avec des assemblages en PVC renforc\u00e9s et des mat\u00e9riaux robustes pour r\u00e9sister aux exigences d&rsquo;une utilisation quotidienne.<\/li>\n<li><strong>Options polyvalentes<\/strong> : Disponibles dans une gamme de couleurs et de mat\u00e9riaux pour r\u00e9pondre \u00e0 vos besoins sp\u00e9cifiques.<\/li>\n<li><strong>Options polyvalentes<\/strong> : Disponibles dans une gamme de couleurs et de mat\u00e9riaux pour r\u00e9pondre \u00e0 vos besoins sp\u00e9cifiques.<\/li>\n<\/ul>\n<div><span style=\"font-family: -apple-system, BlinkMacSystemFont, Segoe UI, Roboto, Oxygen-Sans, Ubuntu, Cantarell, Helvetica Neue, sans-serif\">&nbsp;<\/span><\/div>\n<p><strong>Options disponibles:<\/strong><\/p><p><strong><br><\/strong><\/p>\n<ul>\n<li><strong>Lettrage<\/strong><\/li>\n<li><strong>Impression num\u00e9rique grand format<\/strong><\/li>\n<\/ul>\n<div><span style=\"font-family: -apple-system, BlinkMacSystemFont, Segoe UI, Roboto, Oxygen-Sans, Ubuntu, Cantarell, Helvetica Neue, sans-serif\"><b>&nbsp;<\/b><\/span><\/div>\n<p>En plus de la fabrication, Alyak 2000 Inc. propose \u00e9galement des <strong>services de r\u00e9paration de toiles<\/strong>, offrant des solutions fiables et flexibles pour maintenir vos toiles de Rideaux Lat\u00e9raux en excellent \u00e9tat.<\/p><p><br><\/p>\n<p><\/p>\n<p>Choisissez Alyak 2000 pour la qualit\u00e9 et la fiabilit\u00e9 de chaque toile.<\/p><p><br><\/p>\t\t\t\t\t\t\t\t<\/div>\n\t\t\t\t<\/div>\n\t\t\t\t<\/div>\n\t\t\t\t<\/div>\n\t\t<div class=\"elementor-element elementor-element-11c32404 e-con-full e-flex e-con e-parent\" data-id=\"11c32404\" data-element_type=\"container\" data-settings=\"{&quot;background_background&quot;:&quot;classic&quot;}\">\n\t\t<div class=\"elementor-element elementor-element-22dc761f e-con-full e-flex e-con e-child\" data-id=\"22dc761f\" data-element_type=\"container\">\n\t\t\t\t<div class=\"elementor-element elementor-element-704cf475 elementor-widget elementor-widget-heading\" data-id=\"704cf475\" data-element_type=\"widget\" data-widget_type=\"heading.default\">\n\t\t\t\t<div class=\"elementor-widget-container\">\n\t\t\t\t\t<h2 class=\"elementor-heading-title elementor-size-default\">Demande de renseignement<\/h2>\t\t\t\t<\/div>\n\t\t\t\t<\/div>\n\t\t\t\t<div class=\"elementor-element elementor-element-65b5dd49 elementor-widget elementor-widget-text-editor\" data-id=\"65b5dd49\" data-element_type=\"widget\" data-widget_type=\"text-editor.default\">\n\t\t\t\t<div class=\"elementor-widget-container\">\n\t\t\t\t\t\t\t\t\t<p>Merci de remplir le formulaire ci-dessous avec vos coordonn\u00e9es et vos questions, et nous vous r\u00e9pondrons dans les plus brefs d\u00e9lais. Votre satisfaction est notre priorit\u00e9, et nous sommes l\u00e0 pour vous fournir toutes les informations dont vous avez besoin.<\/p>\n\t\t\t\t\t\t\t\t<\/div>\n\t\t\t\t<\/div>\n\t\t\t\t<div class=\"elementor-element elementor-element-56749cad elementor-widget elementor-widget-text-editor\" data-id=\"56749cad\" data-element_type=\"widget\" data-widget_type=\"text-editor.default\">\n\t\t\t\t<div class=\"elementor-widget-container\">\n\t\t\t\t\t\t\t\t\t<p>Merci de choisir Alyak 2000 pour vos besoins en toile et en services connexes. Nous sommes impatients de r\u00e9pondre \u00e0 toutes vos questions!<\/p>\n\t\t\t\t\t\t\t\t<\/div>\n\t\t\t\t<\/div>\n\t\t\t\t<\/div>\n\t\t<div class=\"elementor-element elementor-element-29a85270 e-con-full e-flex e-con e-child\" data-id=\"29a85270\" data-element_type=\"container\" data-settings=\"{&quot;background_background&quot;:&quot;classic&quot;}\">\n\t\t\t\t<div class=\"elementor-element elementor-element-19ade3a0 form-btn elementor-button-align-stretch elementor-widget elementor-widget-form\" data-id=\"19ade3a0\" data-element_type=\"widget\" data-settings=\"{&quot;step_next_label&quot;:&quot;Suivant&quot;,&quot;step_previous_label&quot;:&quot;Pr\\u00e9c\\u00e9dent&quot;,&quot;button_width&quot;:&quot;100&quot;,&quot;step_type&quot;:&quot;number_text&quot;,&quot;step_icon_shape&quot;:&quot;circle&quot;}\" data-widget_type=\"form.default\">\n\t\t\t\t<div class=\"elementor-widget-container\">\n\t\t\t\t\t\t\t<form class=\"elementor-form\" method=\"post\" name=\"Noueau formulaire\" aria-label=\"Noueau formulaire\">\n\t\t\t<input type=\"hidden\" name=\"post_id\" value=\"4662\"\/>\n\t\t\t<input type=\"hidden\" name=\"form_id\" value=\"19ade3a0\"\/>\n\t\t\t<input type=\"hidden\" name=\"referer_title\" value=\"Toiles pour rideaux lat\u00e9raux - Alyak 2000 Inc\" \/>\n\n\t\t\t\t\t\t\t<input type=\"hidden\" name=\"queried_id\" value=\"4662\"\/>\n\t\t\t\n\t\t\t<div class=\"elementor-form-fields-wrapper elementor-labels-above\">\n\t\t\t\t\t\t\t\t<div class=\"elementor-field-type-text elementor-field-group elementor-column elementor-field-group-name elementor-col-100 elementor-field-required elementor-mark-required\">\n\t\t\t\t\t\t\t\t\t\t\t\t<label for=\"form-field-name\" class=\"elementor-field-label\">\n\t\t\t\t\t\t\t\tNom\t\t\t\t\t\t\t<\/label>\n\t\t\t\t\t\t\t\t\t\t\t\t\t\t<input size=\"1\" type=\"text\" name=\"form_fields[name]\" id=\"form-field-name\" class=\"elementor-field elementor-size-sm  elementor-field-textual\" placeholder=\"Nom\" required=\"required\">\n\t\t\t\t\t\t\t\t\t\t\t<\/div>\n\t\t\t\t\t\t\t\t<div class=\"elementor-field-type-email elementor-field-group elementor-column elementor-field-group-email elementor-col-100 elementor-field-required elementor-mark-required\">\n\t\t\t\t\t\t\t\t\t\t\t\t<label for=\"form-field-email\" class=\"elementor-field-label\">\n\t\t\t\t\t\t\t\tEmail\t\t\t\t\t\t\t<\/label>\n\t\t\t\t\t\t\t\t\t\t\t\t\t\t<input size=\"1\" type=\"email\" name=\"form_fields[email]\" id=\"form-field-email\" class=\"elementor-field elementor-size-sm  elementor-field-textual\" placeholder=\"Email\" required=\"required\">\n\t\t\t\t\t\t\t\t\t\t\t<\/div>\n\t\t\t\t\t\t\t\t<div class=\"elementor-field-type-text elementor-field-group elementor-column elementor-field-group-field_bcc17cd elementor-col-100 elementor-field-required elementor-mark-required\">\n\t\t\t\t\t\t\t\t\t\t\t\t<label for=\"form-field-field_bcc17cd\" class=\"elementor-field-label\">\n\t\t\t\t\t\t\t\tNom de la compagnie\t\t\t\t\t\t\t<\/label>\n\t\t\t\t\t\t\t\t\t\t\t\t\t\t<input size=\"1\" type=\"text\" name=\"form_fields[field_bcc17cd]\" id=\"form-field-field_bcc17cd\" class=\"elementor-field elementor-size-sm  elementor-field-textual\" placeholder=\"Nom de la compagnie\" required=\"required\">\n\t\t\t\t\t\t\t\t\t\t\t<\/div>\n\t\t\t\t\t\t\t\t<div class=\"elementor-field-type-tel elementor-field-group elementor-column elementor-field-group-field_d42532a elementor-col-100 elementor-field-required elementor-mark-required\">\n\t\t\t\t\t\t\t\t\t\t\t\t<label for=\"form-field-field_d42532a\" class=\"elementor-field-label\">\n\t\t\t\t\t\t\t\tNum\u00e9ro de t\u00e9l\u00e9phone\t\t\t\t\t\t\t<\/label>\n\t\t\t\t\t\t\t\t<input size=\"1\" type=\"tel\" name=\"form_fields[field_d42532a]\" id=\"form-field-field_d42532a\" class=\"elementor-field elementor-size-sm  elementor-field-textual\" placeholder=\"Num\u00e9ro de t\u00e9l\u00e9phone\" required=\"required\" pattern=\"[0-9()#&amp;+*-=.]+\" title=\"Seuls les caract\u00e8res de num\u00e9ros de t\u00e9l\u00e9phone (#, -, *, etc.) sont accept\u00e9s.\">\n\n\t\t\t\t\t\t<\/div>\n\t\t\t\t\t\t\t\t<div class=\"elementor-field-type-textarea elementor-field-group elementor-column elementor-field-group-message elementor-col-100 elementor-field-required elementor-mark-required\">\n\t\t\t\t\t\t\t\t\t\t\t\t<label for=\"form-field-message\" class=\"elementor-field-label\">\n\t\t\t\t\t\t\t\tMessage\t\t\t\t\t\t\t<\/label>\n\t\t\t\t\t\t<textarea class=\"elementor-field-textual elementor-field  elementor-size-sm\" name=\"form_fields[message]\" id=\"form-field-message\" rows=\"4\" placeholder=\"Message\" required=\"required\"><\/textarea>\t\t\t\t<\/div>\n\t\t\t\t\t\t\t\t<div class=\"elementor-field-type-recaptcha_v3 elementor-field-group elementor-column elementor-field-group-field_8c52809 elementor-col-100 recaptcha_v3-bottomright\">\n\t\t\t\t\t<div class=\"elementor-field\" id=\"form-field-field_8c52809\"><div class=\"elementor-g-recaptcha\" data-sitekey=\"6LeIxXsUAAAAAIbN2fAUMX-eodEb1iHtLuBUDZpD\" data-type=\"v3\" data-action=\"Form\" data-badge=\"bottomright\" data-size=\"invisible\"><\/div><\/div>\t\t\t\t<\/div>\n\t\t\t\t\t\t\t\t<div class=\"elementor-field-group elementor-column elementor-field-type-submit elementor-col-100 e-form__buttons\">\n\t\t\t\t\t<button class=\"elementor-button elementor-size-sm\" type=\"submit\">\n\t\t\t\t\t\t<span class=\"elementor-button-content-wrapper\">\n\t\t\t\t\t\t\t\t\t\t\t\t\t\t\t\t\t\t\t\t\t\t<span class=\"elementor-button-text\">Envoyer<\/span>\n\t\t\t\t\t\t\t\t\t\t\t\t\t<\/span>\n\t\t\t\t\t<\/button>\n\t\t\t\t<\/div>\n\t\t\t<\/div>\n\t\t<\/form>\n\t\t\t\t\t\t<\/div>\n\t\t\t\t<\/div>\n\t\t\t\t<\/div>\n\t\t\t\t<\/div>\n\t\t\t\t<\/div>\n\t\t","protected":false},"excerpt":{"rendered":"<p>Toiles pour rideaux lat\u00e9raux Toiles pour rideaux lat\u00e9raux de Alyak 2000 Inc. Alyak 2000 Inc. est un leader dans la conception, la fabrication et l&rsquo;entretien de toiles pour camions destin\u00e9es \u00e0 l&rsquo;industrie du transport. Nos toiles pour Rideaux Lat\u00e9raux sont con\u00e7ues pour offrir une protection maximale et une facilit\u00e9 d&rsquo;utilisation, ce qui en fait la [&hellip;]<\/p>\n","protected":false},"author":2,"featured_media":0,"parent":0,"menu_order":0,"comment_status":"closed","ping_status":"closed","template":"elementor_header_footer","meta":{"footnotes":""},"class_list":["post-4662","page","type-page","status-publish","hentry"],"yoast_head":"<!-- This site is optimized with the Yoast SEO plugin v26.4 - https:\/\/yoast.com\/wordpress\/plugins\/seo\/ -->\n<title>Toiles pour rideaux lat\u00e9raux - Alyak 2000 Inc<\/title>\n<meta name=\"robots\" content=\"index, follow, max-snippet:-1, max-image-preview:large, max-video-preview:-1\" \/>\n<link rel=\"canonical\" href=\"https:\/\/www.alyak2000.ca\/fr\/toiles-pour-rideaux-lateraux\/\" \/>\n<meta property=\"og:locale\" content=\"fr_FR\" \/>\n<meta property=\"og:type\" content=\"article\" \/>\n<meta property=\"og:title\" content=\"Toiles pour rideaux lat\u00e9raux - Alyak 2000 Inc\" \/>\n<meta property=\"og:description\" content=\"Toiles pour rideaux lat\u00e9raux Toiles pour rideaux lat\u00e9raux de Alyak 2000 Inc. Alyak 2000 Inc. est un leader dans la conception, la fabrication et l&rsquo;entretien de toiles pour camions destin\u00e9es \u00e0 l&rsquo;industrie du transport. Nos toiles pour Rideaux Lat\u00e9raux sont con\u00e7ues pour offrir une protection maximale et une facilit\u00e9 d&rsquo;utilisation, ce qui en fait la [&hellip;]\" \/>\n<meta property=\"og:url\" content=\"https:\/\/www.alyak2000.ca\/fr\/toiles-pour-rideaux-lateraux\/\" \/>\n<meta property=\"og:site_name\" content=\"Alyak 2000 Inc\" \/>\n<meta property=\"article:publisher\" content=\"https:\/\/www.facebook.com\/alyak2000\" \/>\n<meta property=\"article:modified_time\" content=\"2024-12-20T13:45:02+00:00\" \/>\n<meta property=\"og:image\" content=\"https:\/\/www.alyak2000.ca\/wp-content\/uploads\/2024\/09\/IMG_4033-1.jpg\" \/>\n\t<meta property=\"og:image:width\" content=\"1434\" \/>\n\t<meta property=\"og:image:height\" content=\"1076\" \/>\n\t<meta property=\"og:image:type\" content=\"image\/jpeg\" \/>\n<meta name=\"twitter:card\" content=\"summary_large_image\" \/>\n<meta name=\"twitter:label1\" content=\"Dur\u00e9e de lecture estim\u00e9e\" \/>\n\t<meta name=\"twitter:data1\" content=\"2 minutes\" \/>\n<script type=\"application\/ld+json\" class=\"yoast-schema-graph\">{\"@context\":\"https:\/\/schema.org\",\"@graph\":[{\"@type\":\"WebPage\",\"@id\":\"https:\/\/www.alyak2000.ca\/fr\/toiles-pour-rideaux-lateraux\/\",\"url\":\"https:\/\/www.alyak2000.ca\/fr\/toiles-pour-rideaux-lateraux\/\",\"name\":\"Toiles pour rideaux lat\u00e9raux - Alyak 2000 Inc\",\"isPartOf\":{\"@id\":\"https:\/\/www.alyak2000.ca\/fr\/en\/#website\"},\"primaryImageOfPage\":{\"@id\":\"https:\/\/www.alyak2000.ca\/fr\/toiles-pour-rideaux-lateraux\/#primaryimage\"},\"image\":{\"@id\":\"https:\/\/www.alyak2000.ca\/fr\/toiles-pour-rideaux-lateraux\/#primaryimage\"},\"thumbnailUrl\":\"https:\/\/www.alyak2000.ca\/wp-content\/uploads\/2024\/09\/IMG_4033-1.jpg\",\"datePublished\":\"2024-01-24T17:14:19+00:00\",\"dateModified\":\"2024-12-20T13:45:02+00:00\",\"breadcrumb\":{\"@id\":\"https:\/\/www.alyak2000.ca\/fr\/toiles-pour-rideaux-lateraux\/#breadcrumb\"},\"inLanguage\":\"fr-FR\",\"potentialAction\":[{\"@type\":\"ReadAction\",\"target\":[\"https:\/\/www.alyak2000.ca\/fr\/toiles-pour-rideaux-lateraux\/\"]}]},{\"@type\":\"ImageObject\",\"inLanguage\":\"fr-FR\",\"@id\":\"https:\/\/www.alyak2000.ca\/fr\/toiles-pour-rideaux-lateraux\/#primaryimage\",\"url\":\"https:\/\/www.alyak2000.ca\/wp-content\/uploads\/2024\/09\/IMG_4033-1.jpg\",\"contentUrl\":\"https:\/\/www.alyak2000.ca\/wp-content\/uploads\/2024\/09\/IMG_4033-1.jpg\"},{\"@type\":\"BreadcrumbList\",\"@id\":\"https:\/\/www.alyak2000.ca\/fr\/toiles-pour-rideaux-lateraux\/#breadcrumb\",\"itemListElement\":[{\"@type\":\"ListItem\",\"position\":1,\"name\":\"Accueil\",\"item\":\"https:\/\/www.alyak2000.ca\/fr\/accueil\/\"},{\"@type\":\"ListItem\",\"position\":2,\"name\":\"Toiles pour rideaux lat\u00e9raux\"}]},{\"@type\":\"WebSite\",\"@id\":\"https:\/\/www.alyak2000.ca\/fr\/en\/#website\",\"url\":\"https:\/\/www.alyak2000.ca\/fr\/en\/\",\"name\":\"Alyak 2000 Inc.\",\"description\":\"R\u00e9paration et personnalisation de toiles\",\"publisher\":{\"@id\":\"https:\/\/www.alyak2000.ca\/fr\/en\/#organization\"},\"potentialAction\":[{\"@type\":\"SearchAction\",\"target\":{\"@type\":\"EntryPoint\",\"urlTemplate\":\"https:\/\/www.alyak2000.ca\/fr\/en\/?s={search_term_string}\"},\"query-input\":{\"@type\":\"PropertyValueSpecification\",\"valueRequired\":true,\"valueName\":\"search_term_string\"}}],\"inLanguage\":\"fr-FR\"},{\"@type\":\"Organization\",\"@id\":\"https:\/\/www.alyak2000.ca\/fr\/en\/#organization\",\"name\":\"Alyak 2000 Inc.\",\"url\":\"https:\/\/www.alyak2000.ca\/fr\/en\/\",\"logo\":{\"@type\":\"ImageObject\",\"inLanguage\":\"fr-FR\",\"@id\":\"https:\/\/www.alyak2000.ca\/fr\/en\/#\/schema\/logo\/image\/\",\"url\":\"https:\/\/www.alyak2000.ca\/wp-content\/uploads\/2024\/04\/alyak-2000-logo-couleur-1.png\",\"contentUrl\":\"https:\/\/www.alyak2000.ca\/wp-content\/uploads\/2024\/04\/alyak-2000-logo-couleur-1.png\",\"width\":1152,\"height\":576,\"caption\":\"Alyak 2000 Inc.\"},\"image\":{\"@id\":\"https:\/\/www.alyak2000.ca\/fr\/en\/#\/schema\/logo\/image\/\"},\"sameAs\":[\"https:\/\/www.facebook.com\/alyak2000\"]}]}<\/script>\n<!-- \/ Yoast SEO plugin. -->","yoast_head_json":{"title":"Toiles pour rideaux lat\u00e9raux - Alyak 2000 Inc","robots":{"index":"index","follow":"follow","max-snippet":"max-snippet:-1","max-image-preview":"max-image-preview:large","max-video-preview":"max-video-preview:-1"},"canonical":"https:\/\/www.alyak2000.ca\/fr\/toiles-pour-rideaux-lateraux\/","og_locale":"fr_FR","og_type":"article","og_title":"Toiles pour rideaux lat\u00e9raux - Alyak 2000 Inc","og_description":"Toiles pour rideaux lat\u00e9raux Toiles pour rideaux lat\u00e9raux de Alyak 2000 Inc. Alyak 2000 Inc. est un leader dans la conception, la fabrication et l&rsquo;entretien de toiles pour camions destin\u00e9es \u00e0 l&rsquo;industrie du transport. Nos toiles pour Rideaux Lat\u00e9raux sont con\u00e7ues pour offrir une protection maximale et une facilit\u00e9 d&rsquo;utilisation, ce qui en fait la [&hellip;]","og_url":"https:\/\/www.alyak2000.ca\/fr\/toiles-pour-rideaux-lateraux\/","og_site_name":"Alyak 2000 Inc","article_publisher":"https:\/\/www.facebook.com\/alyak2000","article_modified_time":"2024-12-20T13:45:02+00:00","og_image":[{"width":1434,"height":1076,"url":"https:\/\/www.alyak2000.ca\/wp-content\/uploads\/2024\/09\/IMG_4033-1.jpg","type":"image\/jpeg"}],"twitter_card":"summary_large_image","twitter_misc":{"Dur\u00e9e de lecture estim\u00e9e":"2 minutes"},"schema":{"@context":"https:\/\/schema.org","@graph":[{"@type":"WebPage","@id":"https:\/\/www.alyak2000.ca\/fr\/toiles-pour-rideaux-lateraux\/","url":"https:\/\/www.alyak2000.ca\/fr\/toiles-pour-rideaux-lateraux\/","name":"Toiles pour rideaux lat\u00e9raux - Alyak 2000 Inc","isPartOf":{"@id":"https:\/\/www.alyak2000.ca\/fr\/en\/#website"},"primaryImageOfPage":{"@id":"https:\/\/www.alyak2000.ca\/fr\/toiles-pour-rideaux-lateraux\/#primaryimage"},"image":{"@id":"https:\/\/www.alyak2000.ca\/fr\/toiles-pour-rideaux-lateraux\/#primaryimage"},"thumbnailUrl":"https:\/\/www.alyak2000.ca\/wp-content\/uploads\/2024\/09\/IMG_4033-1.jpg","datePublished":"2024-01-24T17:14:19+00:00","dateModified":"2024-12-20T13:45:02+00:00","breadcrumb":{"@id":"https:\/\/www.alyak2000.ca\/fr\/toiles-pour-rideaux-lateraux\/#breadcrumb"},"inLanguage":"fr-FR","potentialAction":[{"@type":"ReadAction","target":["https:\/\/www.alyak2000.ca\/fr\/toiles-pour-rideaux-lateraux\/"]}]},{"@type":"ImageObject","inLanguage":"fr-FR","@id":"https:\/\/www.alyak2000.ca\/fr\/toiles-pour-rideaux-lateraux\/#primaryimage","url":"https:\/\/www.alyak2000.ca\/wp-content\/uploads\/2024\/09\/IMG_4033-1.jpg","contentUrl":"https:\/\/www.alyak2000.ca\/wp-content\/uploads\/2024\/09\/IMG_4033-1.jpg"},{"@type":"BreadcrumbList","@id":"https:\/\/www.alyak2000.ca\/fr\/toiles-pour-rideaux-lateraux\/#breadcrumb","itemListElement":[{"@type":"ListItem","position":1,"name":"Accueil","item":"https:\/\/www.alyak2000.ca\/fr\/accueil\/"},{"@type":"ListItem","position":2,"name":"Toiles pour rideaux lat\u00e9raux"}]},{"@type":"WebSite","@id":"https:\/\/www.alyak2000.ca\/fr\/en\/#website","url":"https:\/\/www.alyak2000.ca\/fr\/en\/","name":"Alyak 2000 Inc.","description":"R\u00e9paration et personnalisation de toiles","publisher":{"@id":"https:\/\/www.alyak2000.ca\/fr\/en\/#organization"},"potentialAction":[{"@type":"SearchAction","target":{"@type":"EntryPoint","urlTemplate":"https:\/\/www.alyak2000.ca\/fr\/en\/?s={search_term_string}"},"query-input":{"@type":"PropertyValueSpecification","valueRequired":true,"valueName":"search_term_string"}}],"inLanguage":"fr-FR"},{"@type":"Organization","@id":"https:\/\/www.alyak2000.ca\/fr\/en\/#organization","name":"Alyak 2000 Inc.","url":"https:\/\/www.alyak2000.ca\/fr\/en\/","logo":{"@type":"ImageObject","inLanguage":"fr-FR","@id":"https:\/\/www.alyak2000.ca\/fr\/en\/#\/schema\/logo\/image\/","url":"https:\/\/www.alyak2000.ca\/wp-content\/uploads\/2024\/04\/alyak-2000-logo-couleur-1.png","contentUrl":"https:\/\/www.alyak2000.ca\/wp-content\/uploads\/2024\/04\/alyak-2000-logo-couleur-1.png","width":1152,"height":576,"caption":"Alyak 2000 Inc."},"image":{"@id":"https:\/\/www.alyak2000.ca\/fr\/en\/#\/schema\/logo\/image\/"},"sameAs":["https:\/\/www.facebook.com\/alyak2000"]}]}},"_links":{"self":[{"href":"https:\/\/www.alyak2000.ca\/fr\/wp-json\/wp\/v2\/pages\/4662","targetHints":{"allow":["GET"]}}],"collection":[{"href":"https:\/\/www.alyak2000.ca\/fr\/wp-json\/wp\/v2\/pages"}],"about":[{"href":"https:\/\/www.alyak2000.ca\/fr\/wp-json\/wp\/v2\/types\/page"}],"author":[{"embeddable":true,"href":"https:\/\/www.alyak2000.ca\/fr\/wp-json\/wp\/v2\/users\/2"}],"replies":[{"embeddable":true,"href":"https:\/\/www.alyak2000.ca\/fr\/wp-json\/wp\/v2\/comments?post=4662"}],"version-history":[{"count":5,"href":"https:\/\/www.alyak2000.ca\/fr\/wp-json\/wp\/v2\/pages\/4662\/revisions"}],"predecessor-version":[{"id":5514,"href":"https:\/\/www.alyak2000.ca\/fr\/wp-json\/wp\/v2\/pages\/4662\/revisions\/5514"}],"wp:attachment":[{"href":"https:\/\/www.alyak2000.ca\/fr\/wp-json\/wp\/v2\/media?parent=4662"}],"curies":[{"name":"wp","href":"https:\/\/api.w.org\/{rel}","templated":true}]}}