{"id":4670,"date":"2024-01-24T12:17:15","date_gmt":"2024-01-24T17:17:15","guid":{"rendered":"https:\/\/www.alyak2000.ca\/toiles-de-meche\/"},"modified":"2024-12-20T13:07:42","modified_gmt":"2024-12-20T18:07:42","slug":"toiles-meche-camion-bennes-remorque-plateau","status":"publish","type":"page","link":"https:\/\/www.alyak2000.ca\/fr\/toiles-meche-camion-bennes-remorque-plateau\/","title":{"rendered":"Toiles de m\u00e8che"},"content":{"rendered":"\t\t<div data-elementor-type=\"wp-page\" data-elementor-id=\"4670\" class=\"elementor elementor-4670 elementor-3047\" data-elementor-post-type=\"page\">\n\t\t\t\t<div class=\"elementor-element elementor-element-45b10509 e-con-full e-flex e-con e-parent\" data-id=\"45b10509\" data-element_type=\"container\" data-settings=\"{&quot;background_background&quot;:&quot;classic&quot;}\">\n\t\t\t\t<div class=\"elementor-element elementor-element-44d6468 elementor-widget elementor-widget-heading\" data-id=\"44d6468\" data-element_type=\"widget\" data-widget_type=\"heading.default\">\n\t\t\t\t<div class=\"elementor-widget-container\">\n\t\t\t\t\t<h2 class=\"elementor-heading-title elementor-size-default\">Toiles de m\u00e8che<\/h2>\t\t\t\t<\/div>\n\t\t\t\t<\/div>\n\t\t\t\t<\/div>\n\t\t<div class=\"elementor-element elementor-element-29bc1fa e-con-full e-flex e-con e-parent\" data-id=\"29bc1fa\" data-element_type=\"container\">\n\t\t<div class=\"elementor-element elementor-element-3a106513 e-con-full e-flex e-con e-child\" data-id=\"3a106513\" data-element_type=\"container\">\n\t\t\t\t<div class=\"elementor-element elementor-element-367d7d4e elementor-widget elementor-widget-heading\" data-id=\"367d7d4e\" data-element_type=\"widget\" data-widget_type=\"heading.default\">\n\t\t\t\t<div class=\"elementor-widget-container\">\n\t\t\t\t\t<h2 class=\"elementor-heading-title elementor-size-default\">Toile de M\u00e8che pour camions-bennes, remorques et plateaux de Alyak 2000 Inc.<\/h2>\t\t\t\t<\/div>\n\t\t\t\t<\/div>\n\t\t\t\t<div class=\"elementor-element elementor-element-3fa95897 imgfix elementor-widget elementor-widget-image\" data-id=\"3fa95897\" data-element_type=\"widget\" data-settings=\"{&quot;sticky&quot;:&quot;top&quot;,&quot;sticky_offset&quot;:175,&quot;sticky_effects_offset&quot;:175,&quot;sticky_on&quot;:[&quot;desktop&quot;],&quot;sticky_anchor_link_offset&quot;:0}\" data-widget_type=\"image.default\">\n\t\t\t\t<div class=\"elementor-widget-container\">\n\t\t\t\t\t\t\t\t\t\t\t\t\t\t\t<img fetchpriority=\"high\" decoding=\"async\" width=\"2048\" height=\"1536\" src=\"https:\/\/www.alyak2000.ca\/wp-content\/uploads\/2024\/09\/IMG_0088-1.jpeg\" class=\"attachment-full size-full wp-image-4987\" alt=\"\" srcset=\"https:\/\/www.alyak2000.ca\/wp-content\/uploads\/2024\/09\/IMG_0088-1.jpeg 2048w, https:\/\/www.alyak2000.ca\/wp-content\/uploads\/2024\/09\/IMG_0088-1-300x225.jpeg 300w, https:\/\/www.alyak2000.ca\/wp-content\/uploads\/2024\/09\/IMG_0088-1-1024x768.jpeg 1024w, https:\/\/www.alyak2000.ca\/wp-content\/uploads\/2024\/09\/IMG_0088-1-768x576.jpeg 768w, https:\/\/www.alyak2000.ca\/wp-content\/uploads\/2024\/09\/IMG_0088-1-1536x1152.jpeg 1536w, https:\/\/www.alyak2000.ca\/wp-content\/uploads\/2024\/09\/IMG_0088-1-1568x1176.jpeg 1568w\" sizes=\"(max-width: 2048px) 100vw, 2048px\" \/>\t\t\t\t\t\t\t\t\t\t\t\t\t\t\t<\/div>\n\t\t\t\t<\/div>\n\t\t\t\t<\/div>\n\t\t<div class=\"elementor-element elementor-element-4ea26f8 e-con-full e-flex e-con e-child\" data-id=\"4ea26f8\" data-element_type=\"container\">\n\t\t\t\t<div class=\"elementor-element elementor-element-16c57bb5 elementor-widget elementor-widget-text-editor\" data-id=\"16c57bb5\" data-element_type=\"widget\" data-widget_type=\"text-editor.default\">\n\t\t\t\t<div class=\"elementor-widget-container\">\n\t\t\t\t\t\t\t\t\t<p>Alyak 2000 Inc. est un fournisseur de premier plan dans la conception, la fabrication et l&rsquo;entretien de toiles de haute qualit\u00e9 pour l&rsquo;industrie du transport. Nos toiles de m\u00e8che sont sp\u00e9cialement con\u00e7ues pour offrir une couverture durable et fiable pour les camions-bennes, remorques et plateaux, offrant une protection sup\u00e9rieure tout en permettant la ventilation n\u00e9cessaire. <\/p>\n<\/p>\n<p>Les toiles de m\u00e8che sont id\u00e9ales pour le transport de mat\u00e9riaux en vrac tels que le sable, le gravier ou les d\u00e9chets, garantissant que votre chargement reste s\u00e9curis\u00e9. Construites pour r\u00e9sister aux conditions les plus difficiles, ces toiles sont un \u00e9l\u00e9ment essentiel de votre \u00e9quipement de transport. <\/p>\n<\/p>\n<p><strong>Toiles de M\u00e8che Alyak 2000 :<\/strong><\/p>\n<p><strong> <\/strong><\/p>\n<ul>\n<li><strong>Toiles de m\u00e8che<\/strong> : Disponibles en tissu de m\u00e8che robuste, con\u00e7u pour la durabilit\u00e9 et une utilisation \u00e0 long terme.<\/li>\n<li><strong>Fabrication sur mesure :<\/strong> Adapt\u00e9e aux dimensions sp\u00e9cifiques de votre camion, remorque ou plateau, assurant un ajustement s\u00e9curis\u00e9.<\/li>\n<li><strong>Construction de haute qualit\u00e9 <\/strong>: Fabriqu\u00e9es avec des bords renforc\u00e9s et des \u0153illets robustes pour r\u00e9sister \u00e0 l&rsquo;usure quotidienne.<\/li>\n<li><strong>Applications polyvalentes<\/strong> : Parfaites pour les camions-bennes, remorques, plateaux et autres applications n\u00e9cessitant une couverture durable et respirante.<\/li>\n<\/ul>\n<div><span style=\"font-family: -apple-system, BlinkMacSystemFont, Segoe UI, Roboto, Oxygen-Sans, Ubuntu, Cantarell, Helvetica Neue, sans-serif\"> <\/span><\/div>\n<p>En plus de la fabrication, Alyak 2000 Inc. propose \u00e9galement des <strong>services de r\u00e9paration de toiles<\/strong>, garantissant que vos toiles de m\u00e8che restent en excellent \u00e9tat pendant des ann\u00e9es.<\/p>\n<\/p>\n<p>En plus de la fabrication, Alyak 2000 Inc. propose \u00e9galement des services de r\u00e9paration de toiles, garantissant que vos toiles de m\u00e8che restent en excellent \u00e9tat pendant des ann\u00e9es.<\/p>\n\t\t\t\t\t\t\t\t<\/div>\n\t\t\t\t<\/div>\n\t\t\t\t<div class=\"elementor-element elementor-element-855f3ec elementor-tablet-align-center elementor-widget elementor-widget-button\" data-id=\"855f3ec\" data-element_type=\"widget\" data-widget_type=\"button.default\">\n\t\t\t\t<div class=\"elementor-widget-container\">\n\t\t\t\t\t\t\t\t\t<div class=\"elementor-button-wrapper\">\n\t\t\t\t\t<a class=\"elementor-button elementor-button-link elementor-size-sm\" href=\"https:\/\/www.alyak2000.shop\/\">\n\t\t\t\t\t\t<span class=\"elementor-button-content-wrapper\">\n\t\t\t\t\t\t\t\t\t<span class=\"elementor-button-text\">D\u00e9couvrir nos toiles de m\u00e8ches<\/span>\n\t\t\t\t\t<\/span>\n\t\t\t\t\t<\/a>\n\t\t\t\t<\/div>\n\t\t\t\t\t\t\t\t<\/div>\n\t\t\t\t<\/div>\n\t\t\t\t<\/div>\n\t\t\t\t<\/div>\n\t\t<div class=\"elementor-element elementor-element-52d6bf4a e-con-full e-flex e-con e-parent\" data-id=\"52d6bf4a\" data-element_type=\"container\" data-settings=\"{&quot;background_background&quot;:&quot;classic&quot;}\">\n\t\t<div class=\"elementor-element elementor-element-16dd59f8 e-con-full e-flex e-con e-child\" data-id=\"16dd59f8\" data-element_type=\"container\">\n\t\t\t\t<div class=\"elementor-element elementor-element-e04e419 elementor-widget elementor-widget-heading\" data-id=\"e04e419\" data-element_type=\"widget\" data-widget_type=\"heading.default\">\n\t\t\t\t<div class=\"elementor-widget-container\">\n\t\t\t\t\t<h2 class=\"elementor-heading-title elementor-size-default\">Demande de renseignement<\/h2>\t\t\t\t<\/div>\n\t\t\t\t<\/div>\n\t\t\t\t<div class=\"elementor-element elementor-element-59391e7d elementor-widget elementor-widget-text-editor\" data-id=\"59391e7d\" data-element_type=\"widget\" data-widget_type=\"text-editor.default\">\n\t\t\t\t<div class=\"elementor-widget-container\">\n\t\t\t\t\t\t\t\t\t<p>Merci de remplir le formulaire ci-dessous avec vos coordonn\u00e9es et vos questions, et nous vous r\u00e9pondrons dans les plus brefs d\u00e9lais. Votre satisfaction est notre priorit\u00e9, et nous sommes l\u00e0 pour vous fournir toutes les informations dont vous avez besoin.<\/p>\n\t\t\t\t\t\t\t\t<\/div>\n\t\t\t\t<\/div>\n\t\t\t\t<div class=\"elementor-element elementor-element-3f746f44 elementor-widget elementor-widget-text-editor\" data-id=\"3f746f44\" data-element_type=\"widget\" data-widget_type=\"text-editor.default\">\n\t\t\t\t<div class=\"elementor-widget-container\">\n\t\t\t\t\t\t\t\t\t<p>Merci de choisir Alyak 2000 pour vos besoins en toile et en services connexes. Nous sommes impatients de r\u00e9pondre \u00e0 toutes vos questions!<\/p>\n\t\t\t\t\t\t\t\t<\/div>\n\t\t\t\t<\/div>\n\t\t\t\t<\/div>\n\t\t<div class=\"elementor-element elementor-element-1f393e9a e-con-full e-flex e-con e-child\" data-id=\"1f393e9a\" data-element_type=\"container\" data-settings=\"{&quot;background_background&quot;:&quot;classic&quot;}\">\n\t\t\t\t<div class=\"elementor-element elementor-element-6cbdf8de form-btn elementor-button-align-stretch elementor-widget elementor-widget-form\" data-id=\"6cbdf8de\" data-element_type=\"widget\" data-settings=\"{&quot;step_next_label&quot;:&quot;Suivant&quot;,&quot;step_previous_label&quot;:&quot;Pr\\u00e9c\\u00e9dent&quot;,&quot;button_width&quot;:&quot;100&quot;,&quot;step_type&quot;:&quot;number_text&quot;,&quot;step_icon_shape&quot;:&quot;circle&quot;}\" data-widget_type=\"form.default\">\n\t\t\t\t<div class=\"elementor-widget-container\">\n\t\t\t\t\t\t\t<form class=\"elementor-form\" method=\"post\" name=\"Noueau formulaire\" aria-label=\"Noueau formulaire\">\n\t\t\t<input type=\"hidden\" name=\"post_id\" value=\"4670\"\/>\n\t\t\t<input type=\"hidden\" name=\"form_id\" value=\"6cbdf8de\"\/>\n\t\t\t<input type=\"hidden\" name=\"referer_title\" value=\"Toiles de m\u00e8che - Alyak 2000 Inc\" \/>\n\n\t\t\t\t\t\t\t<input type=\"hidden\" name=\"queried_id\" value=\"4670\"\/>\n\t\t\t\n\t\t\t<div class=\"elementor-form-fields-wrapper elementor-labels-above\">\n\t\t\t\t\t\t\t\t<div class=\"elementor-field-type-text elementor-field-group elementor-column elementor-field-group-name elementor-col-100 elementor-field-required elementor-mark-required\">\n\t\t\t\t\t\t\t\t\t\t\t\t<label for=\"form-field-name\" class=\"elementor-field-label\">\n\t\t\t\t\t\t\t\tNom\t\t\t\t\t\t\t<\/label>\n\t\t\t\t\t\t\t\t\t\t\t\t\t\t<input size=\"1\" type=\"text\" name=\"form_fields[name]\" id=\"form-field-name\" class=\"elementor-field elementor-size-sm  elementor-field-textual\" placeholder=\"Nom\" required=\"required\">\n\t\t\t\t\t\t\t\t\t\t\t<\/div>\n\t\t\t\t\t\t\t\t<div class=\"elementor-field-type-email elementor-field-group elementor-column elementor-field-group-email elementor-col-100 elementor-field-required elementor-mark-required\">\n\t\t\t\t\t\t\t\t\t\t\t\t<label for=\"form-field-email\" class=\"elementor-field-label\">\n\t\t\t\t\t\t\t\tEmail\t\t\t\t\t\t\t<\/label>\n\t\t\t\t\t\t\t\t\t\t\t\t\t\t<input size=\"1\" type=\"email\" name=\"form_fields[email]\" id=\"form-field-email\" class=\"elementor-field elementor-size-sm  elementor-field-textual\" placeholder=\"Email\" required=\"required\">\n\t\t\t\t\t\t\t\t\t\t\t<\/div>\n\t\t\t\t\t\t\t\t<div class=\"elementor-field-type-text elementor-field-group elementor-column elementor-field-group-field_bcc17cd elementor-col-100 elementor-field-required elementor-mark-required\">\n\t\t\t\t\t\t\t\t\t\t\t\t<label for=\"form-field-field_bcc17cd\" class=\"elementor-field-label\">\n\t\t\t\t\t\t\t\tNom de la compagnie\t\t\t\t\t\t\t<\/label>\n\t\t\t\t\t\t\t\t\t\t\t\t\t\t<input size=\"1\" type=\"text\" name=\"form_fields[field_bcc17cd]\" id=\"form-field-field_bcc17cd\" class=\"elementor-field elementor-size-sm  elementor-field-textual\" placeholder=\"Nom de la compagnie\" required=\"required\">\n\t\t\t\t\t\t\t\t\t\t\t<\/div>\n\t\t\t\t\t\t\t\t<div class=\"elementor-field-type-tel elementor-field-group elementor-column elementor-field-group-field_bfa3206 elementor-col-100 elementor-field-required elementor-mark-required\">\n\t\t\t\t\t\t\t\t\t\t\t\t<label for=\"form-field-field_bfa3206\" class=\"elementor-field-label\">\n\t\t\t\t\t\t\t\tNum\u00e9ro de t\u00e9l\u00e9phone\t\t\t\t\t\t\t<\/label>\n\t\t\t\t\t\t\t\t<input size=\"1\" type=\"tel\" name=\"form_fields[field_bfa3206]\" id=\"form-field-field_bfa3206\" class=\"elementor-field elementor-size-sm  elementor-field-textual\" placeholder=\"Num\u00e9ro de t\u00e9l\u00e9phone\" required=\"required\" pattern=\"[0-9()#&amp;+*-=.]+\" title=\"Seuls les caract\u00e8res de num\u00e9ros de t\u00e9l\u00e9phone (#, -, *, etc.) sont accept\u00e9s.\">\n\n\t\t\t\t\t\t<\/div>\n\t\t\t\t\t\t\t\t<div class=\"elementor-field-type-textarea elementor-field-group elementor-column elementor-field-group-message elementor-col-100 elementor-field-required elementor-mark-required\">\n\t\t\t\t\t\t\t\t\t\t\t\t<label for=\"form-field-message\" class=\"elementor-field-label\">\n\t\t\t\t\t\t\t\tMessage\t\t\t\t\t\t\t<\/label>\n\t\t\t\t\t\t<textarea class=\"elementor-field-textual elementor-field  elementor-size-sm\" name=\"form_fields[message]\" id=\"form-field-message\" rows=\"4\" placeholder=\"Message\" required=\"required\"><\/textarea>\t\t\t\t<\/div>\n\t\t\t\t\t\t\t\t<div class=\"elementor-field-type-recaptcha_v3 elementor-field-group elementor-column elementor-field-group-field_b3d2f70 elementor-col-100 recaptcha_v3-bottomright\">\n\t\t\t\t\t<div class=\"elementor-field\" id=\"form-field-field_b3d2f70\"><div class=\"elementor-g-recaptcha\" data-sitekey=\"6LeIxXsUAAAAAIbN2fAUMX-eodEb1iHtLuBUDZpD\" data-type=\"v3\" data-action=\"Form\" data-badge=\"bottomright\" data-size=\"invisible\"><\/div><\/div>\t\t\t\t<\/div>\n\t\t\t\t\t\t\t\t<div class=\"elementor-field-group elementor-column elementor-field-type-submit elementor-col-100 e-form__buttons\">\n\t\t\t\t\t<button class=\"elementor-button elementor-size-sm\" type=\"submit\">\n\t\t\t\t\t\t<span class=\"elementor-button-content-wrapper\">\n\t\t\t\t\t\t\t\t\t\t\t\t\t\t\t\t\t\t\t\t\t\t<span class=\"elementor-button-text\">Envoyer<\/span>\n\t\t\t\t\t\t\t\t\t\t\t\t\t<\/span>\n\t\t\t\t\t<\/button>\n\t\t\t\t<\/div>\n\t\t\t<\/div>\n\t\t<\/form>\n\t\t\t\t\t\t<\/div>\n\t\t\t\t<\/div>\n\t\t\t\t<\/div>\n\t\t\t\t<\/div>\n\t\t\t\t<\/div>\n\t\t","protected":false},"excerpt":{"rendered":"<p>Toiles de m\u00e8che Toile de M\u00e8che pour camions-bennes, remorques et plateaux de Alyak 2000 Inc. Alyak 2000 Inc. est un fournisseur de premier plan dans la conception, la fabrication et l&rsquo;entretien de toiles de haute qualit\u00e9 pour l&rsquo;industrie du transport. Nos toiles de m\u00e8che sont sp\u00e9cialement con\u00e7ues pour offrir une couverture durable et fiable pour [&hellip;]<\/p>\n","protected":false},"author":2,"featured_media":0,"parent":0,"menu_order":0,"comment_status":"closed","ping_status":"closed","template":"elementor_header_footer","meta":{"footnotes":""},"class_list":["post-4670","page","type-page","status-publish","hentry"],"yoast_head":"<!-- This site is optimized with the Yoast SEO plugin v26.4 - https:\/\/yoast.com\/wordpress\/plugins\/seo\/ -->\n<title>Toiles de m\u00e8che - Alyak 2000 Inc<\/title>\n<meta name=\"robots\" content=\"index, follow, max-snippet:-1, max-image-preview:large, max-video-preview:-1\" \/>\n<link rel=\"canonical\" href=\"https:\/\/www.alyak2000.ca\/fr\/toiles-meche-camion-bennes-remorque-plateau\/\" \/>\n<meta property=\"og:locale\" content=\"fr_FR\" \/>\n<meta property=\"og:type\" content=\"article\" \/>\n<meta property=\"og:title\" content=\"Toiles de m\u00e8che - Alyak 2000 Inc\" \/>\n<meta property=\"og:description\" content=\"Toiles de m\u00e8che Toile de M\u00e8che pour camions-bennes, remorques et plateaux de Alyak 2000 Inc. Alyak 2000 Inc. est un fournisseur de premier plan dans la conception, la fabrication et l&rsquo;entretien de toiles de haute qualit\u00e9 pour l&rsquo;industrie du transport. Nos toiles de m\u00e8che sont sp\u00e9cialement con\u00e7ues pour offrir une couverture durable et fiable pour [&hellip;]\" \/>\n<meta property=\"og:url\" content=\"https:\/\/www.alyak2000.ca\/fr\/toiles-meche-camion-bennes-remorque-plateau\/\" \/>\n<meta property=\"og:site_name\" content=\"Alyak 2000 Inc\" \/>\n<meta property=\"article:publisher\" content=\"https:\/\/www.facebook.com\/alyak2000\" \/>\n<meta property=\"article:modified_time\" content=\"2024-12-20T18:07:42+00:00\" \/>\n<meta property=\"og:image\" content=\"https:\/\/www.alyak2000.ca\/wp-content\/uploads\/2024\/09\/IMG_0088-1.jpeg\" \/>\n\t<meta property=\"og:image:width\" content=\"2048\" \/>\n\t<meta property=\"og:image:height\" content=\"1536\" \/>\n\t<meta property=\"og:image:type\" content=\"image\/jpeg\" \/>\n<meta name=\"twitter:card\" content=\"summary_large_image\" \/>\n<meta name=\"twitter:label1\" content=\"Dur\u00e9e de lecture estim\u00e9e\" \/>\n\t<meta name=\"twitter:data1\" content=\"2 minutes\" \/>\n<script type=\"application\/ld+json\" class=\"yoast-schema-graph\">{\"@context\":\"https:\/\/schema.org\",\"@graph\":[{\"@type\":\"WebPage\",\"@id\":\"https:\/\/www.alyak2000.ca\/fr\/toiles-meche-camion-bennes-remorque-plateau\/\",\"url\":\"https:\/\/www.alyak2000.ca\/fr\/toiles-meche-camion-bennes-remorque-plateau\/\",\"name\":\"Toiles de m\u00e8che - Alyak 2000 Inc\",\"isPartOf\":{\"@id\":\"https:\/\/www.alyak2000.ca\/fr\/en\/#website\"},\"primaryImageOfPage\":{\"@id\":\"https:\/\/www.alyak2000.ca\/fr\/toiles-meche-camion-bennes-remorque-plateau\/#primaryimage\"},\"image\":{\"@id\":\"https:\/\/www.alyak2000.ca\/fr\/toiles-meche-camion-bennes-remorque-plateau\/#primaryimage\"},\"thumbnailUrl\":\"https:\/\/www.alyak2000.ca\/wp-content\/uploads\/2024\/09\/IMG_0088-1.jpeg\",\"datePublished\":\"2024-01-24T17:17:15+00:00\",\"dateModified\":\"2024-12-20T18:07:42+00:00\",\"breadcrumb\":{\"@id\":\"https:\/\/www.alyak2000.ca\/fr\/toiles-meche-camion-bennes-remorque-plateau\/#breadcrumb\"},\"inLanguage\":\"fr-FR\",\"potentialAction\":[{\"@type\":\"ReadAction\",\"target\":[\"https:\/\/www.alyak2000.ca\/fr\/toiles-meche-camion-bennes-remorque-plateau\/\"]}]},{\"@type\":\"ImageObject\",\"inLanguage\":\"fr-FR\",\"@id\":\"https:\/\/www.alyak2000.ca\/fr\/toiles-meche-camion-bennes-remorque-plateau\/#primaryimage\",\"url\":\"https:\/\/www.alyak2000.ca\/wp-content\/uploads\/2024\/09\/IMG_0088-1.jpeg\",\"contentUrl\":\"https:\/\/www.alyak2000.ca\/wp-content\/uploads\/2024\/09\/IMG_0088-1.jpeg\"},{\"@type\":\"BreadcrumbList\",\"@id\":\"https:\/\/www.alyak2000.ca\/fr\/toiles-meche-camion-bennes-remorque-plateau\/#breadcrumb\",\"itemListElement\":[{\"@type\":\"ListItem\",\"position\":1,\"name\":\"Accueil\",\"item\":\"https:\/\/www.alyak2000.ca\/fr\/accueil\/\"},{\"@type\":\"ListItem\",\"position\":2,\"name\":\"Toiles de m\u00e8che\"}]},{\"@type\":\"WebSite\",\"@id\":\"https:\/\/www.alyak2000.ca\/fr\/en\/#website\",\"url\":\"https:\/\/www.alyak2000.ca\/fr\/en\/\",\"name\":\"Alyak 2000 Inc.\",\"description\":\"R\u00e9paration et personnalisation de toiles\",\"publisher\":{\"@id\":\"https:\/\/www.alyak2000.ca\/fr\/en\/#organization\"},\"potentialAction\":[{\"@type\":\"SearchAction\",\"target\":{\"@type\":\"EntryPoint\",\"urlTemplate\":\"https:\/\/www.alyak2000.ca\/fr\/en\/?s={search_term_string}\"},\"query-input\":{\"@type\":\"PropertyValueSpecification\",\"valueRequired\":true,\"valueName\":\"search_term_string\"}}],\"inLanguage\":\"fr-FR\"},{\"@type\":\"Organization\",\"@id\":\"https:\/\/www.alyak2000.ca\/fr\/en\/#organization\",\"name\":\"Alyak 2000 Inc.\",\"url\":\"https:\/\/www.alyak2000.ca\/fr\/en\/\",\"logo\":{\"@type\":\"ImageObject\",\"inLanguage\":\"fr-FR\",\"@id\":\"https:\/\/www.alyak2000.ca\/fr\/en\/#\/schema\/logo\/image\/\",\"url\":\"https:\/\/www.alyak2000.ca\/wp-content\/uploads\/2024\/04\/alyak-2000-logo-couleur-1.png\",\"contentUrl\":\"https:\/\/www.alyak2000.ca\/wp-content\/uploads\/2024\/04\/alyak-2000-logo-couleur-1.png\",\"width\":1152,\"height\":576,\"caption\":\"Alyak 2000 Inc.\"},\"image\":{\"@id\":\"https:\/\/www.alyak2000.ca\/fr\/en\/#\/schema\/logo\/image\/\"},\"sameAs\":[\"https:\/\/www.facebook.com\/alyak2000\"]}]}<\/script>\n<!-- \/ Yoast SEO plugin. -->","yoast_head_json":{"title":"Toiles de m\u00e8che - Alyak 2000 Inc","robots":{"index":"index","follow":"follow","max-snippet":"max-snippet:-1","max-image-preview":"max-image-preview:large","max-video-preview":"max-video-preview:-1"},"canonical":"https:\/\/www.alyak2000.ca\/fr\/toiles-meche-camion-bennes-remorque-plateau\/","og_locale":"fr_FR","og_type":"article","og_title":"Toiles de m\u00e8che - Alyak 2000 Inc","og_description":"Toiles de m\u00e8che Toile de M\u00e8che pour camions-bennes, remorques et plateaux de Alyak 2000 Inc. Alyak 2000 Inc. est un fournisseur de premier plan dans la conception, la fabrication et l&rsquo;entretien de toiles de haute qualit\u00e9 pour l&rsquo;industrie du transport. Nos toiles de m\u00e8che sont sp\u00e9cialement con\u00e7ues pour offrir une couverture durable et fiable pour [&hellip;]","og_url":"https:\/\/www.alyak2000.ca\/fr\/toiles-meche-camion-bennes-remorque-plateau\/","og_site_name":"Alyak 2000 Inc","article_publisher":"https:\/\/www.facebook.com\/alyak2000","article_modified_time":"2024-12-20T18:07:42+00:00","og_image":[{"width":2048,"height":1536,"url":"https:\/\/www.alyak2000.ca\/wp-content\/uploads\/2024\/09\/IMG_0088-1.jpeg","type":"image\/jpeg"}],"twitter_card":"summary_large_image","twitter_misc":{"Dur\u00e9e de lecture estim\u00e9e":"2 minutes"},"schema":{"@context":"https:\/\/schema.org","@graph":[{"@type":"WebPage","@id":"https:\/\/www.alyak2000.ca\/fr\/toiles-meche-camion-bennes-remorque-plateau\/","url":"https:\/\/www.alyak2000.ca\/fr\/toiles-meche-camion-bennes-remorque-plateau\/","name":"Toiles de m\u00e8che - Alyak 2000 Inc","isPartOf":{"@id":"https:\/\/www.alyak2000.ca\/fr\/en\/#website"},"primaryImageOfPage":{"@id":"https:\/\/www.alyak2000.ca\/fr\/toiles-meche-camion-bennes-remorque-plateau\/#primaryimage"},"image":{"@id":"https:\/\/www.alyak2000.ca\/fr\/toiles-meche-camion-bennes-remorque-plateau\/#primaryimage"},"thumbnailUrl":"https:\/\/www.alyak2000.ca\/wp-content\/uploads\/2024\/09\/IMG_0088-1.jpeg","datePublished":"2024-01-24T17:17:15+00:00","dateModified":"2024-12-20T18:07:42+00:00","breadcrumb":{"@id":"https:\/\/www.alyak2000.ca\/fr\/toiles-meche-camion-bennes-remorque-plateau\/#breadcrumb"},"inLanguage":"fr-FR","potentialAction":[{"@type":"ReadAction","target":["https:\/\/www.alyak2000.ca\/fr\/toiles-meche-camion-bennes-remorque-plateau\/"]}]},{"@type":"ImageObject","inLanguage":"fr-FR","@id":"https:\/\/www.alyak2000.ca\/fr\/toiles-meche-camion-bennes-remorque-plateau\/#primaryimage","url":"https:\/\/www.alyak2000.ca\/wp-content\/uploads\/2024\/09\/IMG_0088-1.jpeg","contentUrl":"https:\/\/www.alyak2000.ca\/wp-content\/uploads\/2024\/09\/IMG_0088-1.jpeg"},{"@type":"BreadcrumbList","@id":"https:\/\/www.alyak2000.ca\/fr\/toiles-meche-camion-bennes-remorque-plateau\/#breadcrumb","itemListElement":[{"@type":"ListItem","position":1,"name":"Accueil","item":"https:\/\/www.alyak2000.ca\/fr\/accueil\/"},{"@type":"ListItem","position":2,"name":"Toiles de m\u00e8che"}]},{"@type":"WebSite","@id":"https:\/\/www.alyak2000.ca\/fr\/en\/#website","url":"https:\/\/www.alyak2000.ca\/fr\/en\/","name":"Alyak 2000 Inc.","description":"R\u00e9paration et personnalisation de toiles","publisher":{"@id":"https:\/\/www.alyak2000.ca\/fr\/en\/#organization"},"potentialAction":[{"@type":"SearchAction","target":{"@type":"EntryPoint","urlTemplate":"https:\/\/www.alyak2000.ca\/fr\/en\/?s={search_term_string}"},"query-input":{"@type":"PropertyValueSpecification","valueRequired":true,"valueName":"search_term_string"}}],"inLanguage":"fr-FR"},{"@type":"Organization","@id":"https:\/\/www.alyak2000.ca\/fr\/en\/#organization","name":"Alyak 2000 Inc.","url":"https:\/\/www.alyak2000.ca\/fr\/en\/","logo":{"@type":"ImageObject","inLanguage":"fr-FR","@id":"https:\/\/www.alyak2000.ca\/fr\/en\/#\/schema\/logo\/image\/","url":"https:\/\/www.alyak2000.ca\/wp-content\/uploads\/2024\/04\/alyak-2000-logo-couleur-1.png","contentUrl":"https:\/\/www.alyak2000.ca\/wp-content\/uploads\/2024\/04\/alyak-2000-logo-couleur-1.png","width":1152,"height":576,"caption":"Alyak 2000 Inc."},"image":{"@id":"https:\/\/www.alyak2000.ca\/fr\/en\/#\/schema\/logo\/image\/"},"sameAs":["https:\/\/www.facebook.com\/alyak2000"]}]}},"_links":{"self":[{"href":"https:\/\/www.alyak2000.ca\/fr\/wp-json\/wp\/v2\/pages\/4670","targetHints":{"allow":["GET"]}}],"collection":[{"href":"https:\/\/www.alyak2000.ca\/fr\/wp-json\/wp\/v2\/pages"}],"about":[{"href":"https:\/\/www.alyak2000.ca\/fr\/wp-json\/wp\/v2\/types\/page"}],"author":[{"embeddable":true,"href":"https:\/\/www.alyak2000.ca\/fr\/wp-json\/wp\/v2\/users\/2"}],"replies":[{"embeddable":true,"href":"https:\/\/www.alyak2000.ca\/fr\/wp-json\/wp\/v2\/comments?post=4670"}],"version-history":[{"count":7,"href":"https:\/\/www.alyak2000.ca\/fr\/wp-json\/wp\/v2\/pages\/4670\/revisions"}],"predecessor-version":[{"id":5546,"href":"https:\/\/www.alyak2000.ca\/fr\/wp-json\/wp\/v2\/pages\/4670\/revisions\/5546"}],"wp:attachment":[{"href":"https:\/\/www.alyak2000.ca\/fr\/wp-json\/wp\/v2\/media?parent=4670"}],"curies":[{"name":"wp","href":"https:\/\/api.w.org\/{rel}","templated":true}]}}