{"id":4716,"date":"2024-01-24T12:09:19","date_gmt":"2024-01-24T17:09:19","guid":{"rendered":"https:\/\/www.alyak2000.ca\/toiles-de-location\/"},"modified":"2024-12-20T08:04:28","modified_gmt":"2024-12-20T13:04:28","slug":"toiles-de-location","status":"publish","type":"page","link":"https:\/\/www.alyak2000.ca\/fr\/services\/toiles-de-location\/","title":{"rendered":"Toiles de location"},"content":{"rendered":"\t\t<div data-elementor-type=\"wp-page\" data-elementor-id=\"4716\" class=\"elementor elementor-4716 elementor-3063\" data-elementor-post-type=\"page\">\n\t\t\t\t<div class=\"elementor-element elementor-element-637cb6ad e-con-full e-flex e-con e-parent\" data-id=\"637cb6ad\" data-element_type=\"container\" data-settings=\"{&quot;background_background&quot;:&quot;classic&quot;}\">\n\t\t\t\t<div class=\"elementor-element elementor-element-37a77540 elementor-widget-tablet__width-inherit elementor-widget elementor-widget-heading\" data-id=\"37a77540\" data-element_type=\"widget\" data-widget_type=\"heading.default\">\n\t\t\t\t<div class=\"elementor-widget-container\">\n\t\t\t\t\t<h2 class=\"elementor-heading-title elementor-size-default\">Toiles de location<\/h2>\t\t\t\t<\/div>\n\t\t\t\t<\/div>\n\t\t\t\t<\/div>\n\t\t<div class=\"elementor-element elementor-element-ad33d2a e-con-full e-flex e-con e-parent\" data-id=\"ad33d2a\" data-element_type=\"container\">\n\t\t<div class=\"elementor-element elementor-element-46a63a2 e-con-full e-flex e-con e-child\" data-id=\"46a63a2\" data-element_type=\"container\">\n\t\t\t\t<div class=\"elementor-element elementor-element-1f5578d elementor-widget elementor-widget-heading\" data-id=\"1f5578d\" data-element_type=\"widget\" data-widget_type=\"heading.default\">\n\t\t\t\t<div class=\"elementor-widget-container\">\n\t\t\t\t\t<h2 class=\"elementor-heading-title elementor-size-default\">Location de toiles \u00e0 court terme de Alyak 2000 Inc.<\/h2>\t\t\t\t<\/div>\n\t\t\t\t<\/div>\n\t\t\t\t<div class=\"elementor-element elementor-element-37addd9 imgfix elementor-widget elementor-widget-image\" data-id=\"37addd9\" data-element_type=\"widget\" data-settings=\"{&quot;sticky&quot;:&quot;top&quot;,&quot;sticky_offset&quot;:175,&quot;sticky_effects_offset&quot;:175,&quot;sticky_on&quot;:[&quot;desktop&quot;],&quot;sticky_anchor_link_offset&quot;:0}\" data-widget_type=\"image.default\">\n\t\t\t\t<div class=\"elementor-widget-container\">\n\t\t\t\t\t\t\t\t\t\t\t\t\t\t\t<img fetchpriority=\"high\" decoding=\"async\" width=\"1296\" height=\"968\" src=\"https:\/\/www.alyak2000.ca\/wp-content\/uploads\/2024\/09\/IMG_4062-1.jpg\" class=\"attachment-full size-full wp-image-4712\" alt=\"\" srcset=\"https:\/\/www.alyak2000.ca\/wp-content\/uploads\/2024\/09\/IMG_4062-1.jpg 1296w, https:\/\/www.alyak2000.ca\/wp-content\/uploads\/2024\/09\/IMG_4062-1-300x224.jpg 300w, https:\/\/www.alyak2000.ca\/wp-content\/uploads\/2024\/09\/IMG_4062-1-1024x765.jpg 1024w, https:\/\/www.alyak2000.ca\/wp-content\/uploads\/2024\/09\/IMG_4062-1-768x574.jpg 768w\" sizes=\"(max-width: 1296px) 100vw, 1296px\" \/>\t\t\t\t\t\t\t\t\t\t\t\t\t\t\t<\/div>\n\t\t\t\t<\/div>\n\t\t\t\t<\/div>\n\t\t<div class=\"elementor-element elementor-element-72f6bb3 e-con-full e-flex e-con e-child\" data-id=\"72f6bb3\" data-element_type=\"container\">\n\t\t\t\t<div class=\"elementor-element elementor-element-4fa9cba elementor-widget elementor-widget-text-editor\" data-id=\"4fa9cba\" data-element_type=\"widget\" data-widget_type=\"text-editor.default\">\n\t\t\t\t<div class=\"elementor-widget-container\">\n\t\t\t\t\t\t\t\t\t<p>Chez Alyak 2000 Inc., nous comprenons que l&rsquo;industrie du transport n\u00e9cessite souvent des solutions flexibles pour r\u00e9pondre aux demandes fluctuantes. C&rsquo;est pourquoi nous offrons un service de location \u00e0 court terme pour nos toiles de haute qualit\u00e9. Que vous ayez besoin d&rsquo;une couverture temporaire pour un projet sp\u00e9cial, des besoins saisonniers ou une augmentation inattendue de la charge de travail, nos toiles en location offrent une solution fiable et rentable.  <\/p>\n<p><br><\/p>\n<p><strong>Pourquoi choisir les toiles en location \u00e0 court terme de Alyak 2000 ?<\/strong><\/p>\n<p><strong><br><\/strong><\/p>\n<ul>\n<li><strong>Flexibilit\u00e9 <\/strong>: Notre service de location est con\u00e7u pour s&rsquo;adapter \u00e0 vos besoins sp\u00e9cifiques, que vous ayez besoin d&rsquo;une toile pour quelques jours, semaines ou plus.<\/li>\n<li><strong>Rentabilit\u00e9<\/strong> : Louer une toile vous permet de g\u00e9rer vos co\u00fbts de mani\u00e8re efficace, notamment pour des projets \u00e0 court terme ou ponctuels, sans n\u00e9cessiter un investissement \u00e0 long terme.<\/li>\n<li><strong>Assurance qualit\u00e9 <\/strong>: Toutes nos toiles en location sont entretenues selon les normes les plus \u00e9lev\u00e9es, garantissant qu&rsquo;elles offrent le m\u00eame niveau de protection et de durabilit\u00e9 que nos toiles neuves.<\/li>\n<li><strong>Disponibilit\u00e9 rapide<\/strong> : Nos toiles en location sont pr\u00eates \u00e0 l&#8217;emploi lorsque vous en avez besoin, offrant une solution rapide pour r\u00e9pondre \u00e0 vos besoins de transport imm\u00e9diats.<\/li>\n<\/ul><div><font face=\"-apple-system, BlinkMacSystemFont, Segoe UI, Roboto, Oxygen-Sans, Ubuntu, Cantarell, Helvetica Neue, sans-serif\"><br><\/font><\/div>\n<p><strong>Id\u00e9al pour :<\/strong><\/p><p><strong><br><\/strong><\/p>\n<ul>\n<li>Besoins de transport temporaires ou saisonniers<\/li>\n<li>Projets ou contrats \u00e0 court terme<\/li>\n<li>Situations d&rsquo;urgence n\u00e9cessitant une couverture imm\u00e9diate<\/li>\n<li>Entreprises cherchant \u00e0 \u00e9viter le co\u00fbt initial d&rsquo;achat de nouvelles toiles<\/li>\n<\/ul><div><font face=\"-apple-system, BlinkMacSystemFont, Segoe UI, Roboto, Oxygen-Sans, Ubuntu, Cantarell, Helvetica Neue, sans-serif\"><br><\/font><\/div>\n<p><strong>Comment \u00e7a marche :<\/strong><\/p><p><strong><br><\/strong><\/p>\n<ol>\n<li><strong>Contactez-nous<\/strong> : Contactez notre \u00e9quipe pour discuter de vos besoins et choisir la toile qui convient le mieux.<\/li>\n<li><strong>Conditions de location flexibles <\/strong>: Choisissez la dur\u00e9e de location qui vous convient, avec la possibilit\u00e9 de prolonger si n\u00e9cessaire.<\/li>\n<li><strong>Enl\u00e8vement ou livraison<\/strong> : Selon votre emplacement et votre pr\u00e9f\u00e9rence, vous pouvez soit r\u00e9cup\u00e9rer la toile, soit la faire livrer directement sur votre site.<\/li>\n<li><strong>Retour<\/strong> : Une fois la p\u00e9riode de location termin\u00e9e, il vous suffit de retourner la toile ou d&rsquo;organiser un enl\u00e8vement.<\/li>\n<\/ol><div><font face=\"-apple-system, BlinkMacSystemFont, Segoe UI, Roboto, Oxygen-Sans, Ubuntu, Cantarell, Helvetica Neue, sans-serif\"><br><\/font><\/div>\n<p>Chez Alyak 2000 Inc., nous nous engageons \u00e0 fournir des solutions flexibles et fiables qui vous aident \u00e0 respecter vos d\u00e9lais et \u00e0 rester dans votre budget. Nos toiles en location \u00e0 court terme sont l&rsquo;une des fa\u00e7ons dont nous soutenons les besoins divers de l&rsquo;industrie du transport. <\/p><p><br><\/p>\n<p><strong>Clause de non-responsabilit\u00e9<\/strong> : Des d\u00e9p\u00f4ts peuvent \u00eatre exig\u00e9s pour les clients sans compte, et les toiles doivent \u00eatre inspect\u00e9es lors du retour. Des frais de r\u00e9paration applicables peuvent \u00eatre ajout\u00e9s. Le service de ramassage et de livraison n&rsquo;est pas disponible dans toutes les r\u00e9gions. Appelez-nous aujourd&rsquo;hui pour en savoir plus.  <em>Le service de ramassage et de livraison n&rsquo;est pas disponible dans toutes les zones. <\/em><em>Appelez-nous d\u00e8s aujourd&rsquo;hui pour vous renseigner.<\/em><\/p>\t\t\t\t\t\t\t\t<\/div>\n\t\t\t\t<\/div>\n\t\t\t\t<\/div>\n\t\t\t\t<\/div>\n\t\t<div class=\"elementor-element elementor-element-592bc6ca e-con-full e-flex e-con e-parent\" data-id=\"592bc6ca\" data-element_type=\"container\" data-settings=\"{&quot;background_background&quot;:&quot;classic&quot;}\">\n\t\t<div class=\"elementor-element elementor-element-6da7b250 e-con-full e-flex e-con e-child\" data-id=\"6da7b250\" data-element_type=\"container\">\n\t\t\t\t<div class=\"elementor-element elementor-element-1d477c72 elementor-widget elementor-widget-heading\" data-id=\"1d477c72\" data-element_type=\"widget\" data-widget_type=\"heading.default\">\n\t\t\t\t<div class=\"elementor-widget-container\">\n\t\t\t\t\t<h2 class=\"elementor-heading-title elementor-size-default\">Demande de renseignement<\/h2>\t\t\t\t<\/div>\n\t\t\t\t<\/div>\n\t\t\t\t<div class=\"elementor-element elementor-element-104b6887 elementor-widget elementor-widget-text-editor\" data-id=\"104b6887\" data-element_type=\"widget\" data-widget_type=\"text-editor.default\">\n\t\t\t\t<div class=\"elementor-widget-container\">\n\t\t\t\t\t\t\t\t\t<p>Merci de remplir le formulaire ci-dessous avec vos coordonn\u00e9es et vos questions, et nous vous r\u00e9pondrons dans les plus brefs d\u00e9lais. Votre satisfaction est notre priorit\u00e9, et nous sommes l\u00e0 pour vous fournir toutes les informations dont vous avez besoin.<\/p>\n\t\t\t\t\t\t\t\t<\/div>\n\t\t\t\t<\/div>\n\t\t\t\t<div class=\"elementor-element elementor-element-528c8c6d elementor-widget elementor-widget-text-editor\" data-id=\"528c8c6d\" data-element_type=\"widget\" data-widget_type=\"text-editor.default\">\n\t\t\t\t<div class=\"elementor-widget-container\">\n\t\t\t\t\t\t\t\t\t<p>Merci de choisir Alyak 2000 pour vos besoins en toile et en services connexes. Nous sommes impatients de r\u00e9pondre \u00e0 toutes vos questions!<\/p>\n\t\t\t\t\t\t\t\t<\/div>\n\t\t\t\t<\/div>\n\t\t\t\t<\/div>\n\t\t<div class=\"elementor-element elementor-element-2c3a68c1 e-con-full e-flex e-con e-child\" data-id=\"2c3a68c1\" data-element_type=\"container\" data-settings=\"{&quot;background_background&quot;:&quot;classic&quot;}\">\n\t\t\t\t<div class=\"elementor-element elementor-element-3619117d form-btn elementor-button-align-stretch elementor-widget elementor-widget-form\" data-id=\"3619117d\" data-element_type=\"widget\" data-settings=\"{&quot;step_next_label&quot;:&quot;Suivant&quot;,&quot;step_previous_label&quot;:&quot;Pr\\u00e9c\\u00e9dent&quot;,&quot;button_width&quot;:&quot;100&quot;,&quot;step_type&quot;:&quot;number_text&quot;,&quot;step_icon_shape&quot;:&quot;circle&quot;}\" data-widget_type=\"form.default\">\n\t\t\t\t<div class=\"elementor-widget-container\">\n\t\t\t\t\t\t\t<form class=\"elementor-form\" method=\"post\" name=\"Noueau formulaire\" aria-label=\"Noueau formulaire\">\n\t\t\t<input type=\"hidden\" name=\"post_id\" value=\"4716\"\/>\n\t\t\t<input type=\"hidden\" name=\"form_id\" value=\"3619117d\"\/>\n\t\t\t<input type=\"hidden\" name=\"referer_title\" value=\"Toiles de location - Alyak 2000 Inc\" \/>\n\n\t\t\t\t\t\t\t<input type=\"hidden\" name=\"queried_id\" value=\"4716\"\/>\n\t\t\t\n\t\t\t<div class=\"elementor-form-fields-wrapper elementor-labels-above\">\n\t\t\t\t\t\t\t\t<div class=\"elementor-field-type-text elementor-field-group elementor-column elementor-field-group-name elementor-col-100 elementor-field-required elementor-mark-required\">\n\t\t\t\t\t\t\t\t\t\t\t\t<label for=\"form-field-name\" class=\"elementor-field-label\">\n\t\t\t\t\t\t\t\tNom\t\t\t\t\t\t\t<\/label>\n\t\t\t\t\t\t\t\t\t\t\t\t\t\t<input size=\"1\" type=\"text\" name=\"form_fields[name]\" id=\"form-field-name\" class=\"elementor-field elementor-size-sm  elementor-field-textual\" placeholder=\"Nom\" required=\"required\">\n\t\t\t\t\t\t\t\t\t\t\t<\/div>\n\t\t\t\t\t\t\t\t<div class=\"elementor-field-type-email elementor-field-group elementor-column elementor-field-group-email elementor-col-100 elementor-field-required elementor-mark-required\">\n\t\t\t\t\t\t\t\t\t\t\t\t<label for=\"form-field-email\" class=\"elementor-field-label\">\n\t\t\t\t\t\t\t\tEmail\t\t\t\t\t\t\t<\/label>\n\t\t\t\t\t\t\t\t\t\t\t\t\t\t<input size=\"1\" type=\"email\" name=\"form_fields[email]\" id=\"form-field-email\" class=\"elementor-field elementor-size-sm  elementor-field-textual\" placeholder=\"Email\" required=\"required\">\n\t\t\t\t\t\t\t\t\t\t\t<\/div>\n\t\t\t\t\t\t\t\t<div class=\"elementor-field-type-text elementor-field-group elementor-column elementor-field-group-field_bcc17cd elementor-col-100 elementor-field-required elementor-mark-required\">\n\t\t\t\t\t\t\t\t\t\t\t\t<label for=\"form-field-field_bcc17cd\" class=\"elementor-field-label\">\n\t\t\t\t\t\t\t\tNom de la compagnie\t\t\t\t\t\t\t<\/label>\n\t\t\t\t\t\t\t\t\t\t\t\t\t\t<input size=\"1\" type=\"text\" name=\"form_fields[field_bcc17cd]\" id=\"form-field-field_bcc17cd\" class=\"elementor-field elementor-size-sm  elementor-field-textual\" placeholder=\"Nom de la compagnie\" required=\"required\">\n\t\t\t\t\t\t\t\t\t\t\t<\/div>\n\t\t\t\t\t\t\t\t<div class=\"elementor-field-type-tel elementor-field-group elementor-column elementor-field-group-field_fc3667d elementor-col-100 elementor-field-required elementor-mark-required\">\n\t\t\t\t\t\t\t\t\t\t\t\t<label for=\"form-field-field_fc3667d\" class=\"elementor-field-label\">\n\t\t\t\t\t\t\t\tNum\u00e9ro de t\u00e9l\u00e9phone\t\t\t\t\t\t\t<\/label>\n\t\t\t\t\t\t\t\t<input size=\"1\" type=\"tel\" name=\"form_fields[field_fc3667d]\" id=\"form-field-field_fc3667d\" class=\"elementor-field elementor-size-sm  elementor-field-textual\" placeholder=\"Num\u00e9ro de t\u00e9l\u00e9phone\" required=\"required\" pattern=\"[0-9()#&amp;+*-=.]+\" title=\"Seuls les caract\u00e8res de num\u00e9ros de t\u00e9l\u00e9phone (#, -, *, etc.) sont accept\u00e9s.\">\n\n\t\t\t\t\t\t<\/div>\n\t\t\t\t\t\t\t\t<div class=\"elementor-field-type-textarea elementor-field-group elementor-column elementor-field-group-message elementor-col-100 elementor-field-required elementor-mark-required\">\n\t\t\t\t\t\t\t\t\t\t\t\t<label for=\"form-field-message\" class=\"elementor-field-label\">\n\t\t\t\t\t\t\t\tMessage\t\t\t\t\t\t\t<\/label>\n\t\t\t\t\t\t<textarea class=\"elementor-field-textual elementor-field  elementor-size-sm\" name=\"form_fields[message]\" id=\"form-field-message\" rows=\"4\" placeholder=\"Message\" required=\"required\"><\/textarea>\t\t\t\t<\/div>\n\t\t\t\t\t\t\t\t<div class=\"elementor-field-type-recaptcha_v3 elementor-field-group elementor-column elementor-field-group-field_b445a2f elementor-col-100 recaptcha_v3-bottomright\">\n\t\t\t\t\t<div class=\"elementor-field\" id=\"form-field-field_b445a2f\"><div class=\"elementor-g-recaptcha\" data-sitekey=\"6LeIxXsUAAAAAIbN2fAUMX-eodEb1iHtLuBUDZpD\" data-type=\"v3\" data-action=\"Form\" data-badge=\"bottomright\" data-size=\"invisible\"><\/div><\/div>\t\t\t\t<\/div>\n\t\t\t\t\t\t\t\t<div class=\"elementor-field-group elementor-column elementor-field-type-submit elementor-col-100 e-form__buttons\">\n\t\t\t\t\t<button class=\"elementor-button elementor-size-sm\" type=\"submit\">\n\t\t\t\t\t\t<span class=\"elementor-button-content-wrapper\">\n\t\t\t\t\t\t\t\t\t\t\t\t\t\t\t\t\t\t\t\t\t\t<span class=\"elementor-button-text\">Envoyer<\/span>\n\t\t\t\t\t\t\t\t\t\t\t\t\t<\/span>\n\t\t\t\t\t<\/button>\n\t\t\t\t<\/div>\n\t\t\t<\/div>\n\t\t<\/form>\n\t\t\t\t\t\t<\/div>\n\t\t\t\t<\/div>\n\t\t\t\t<\/div>\n\t\t\t\t<\/div>\n\t\t\t\t<\/div>\n\t\t","protected":false},"excerpt":{"rendered":"<p>Toiles de location Location de toiles \u00e0 court terme de Alyak 2000 Inc. Chez Alyak 2000 Inc., nous comprenons que l&rsquo;industrie du transport n\u00e9cessite souvent des solutions flexibles pour r\u00e9pondre aux demandes fluctuantes. C&rsquo;est pourquoi nous offrons un service de location \u00e0 court terme pour nos toiles de haute qualit\u00e9. Que vous ayez besoin d&rsquo;une [&hellip;]<\/p>\n","protected":false},"author":2,"featured_media":0,"parent":4850,"menu_order":0,"comment_status":"closed","ping_status":"closed","template":"elementor_header_footer","meta":{"footnotes":""},"class_list":["post-4716","page","type-page","status-publish","hentry"],"yoast_head":"<!-- This site is optimized with the Yoast SEO plugin v26.4 - https:\/\/yoast.com\/wordpress\/plugins\/seo\/ -->\n<title>Toiles de location - Alyak 2000 Inc<\/title>\n<meta name=\"robots\" content=\"index, follow, max-snippet:-1, max-image-preview:large, max-video-preview:-1\" \/>\n<link rel=\"canonical\" href=\"https:\/\/www.alyak2000.ca\/fr\/services\/toiles-de-location\/\" \/>\n<meta property=\"og:locale\" content=\"fr_FR\" \/>\n<meta property=\"og:type\" content=\"article\" \/>\n<meta property=\"og:title\" content=\"Toiles de location - Alyak 2000 Inc\" \/>\n<meta property=\"og:description\" content=\"Toiles de location Location de toiles \u00e0 court terme de Alyak 2000 Inc. Chez Alyak 2000 Inc., nous comprenons que l&rsquo;industrie du transport n\u00e9cessite souvent des solutions flexibles pour r\u00e9pondre aux demandes fluctuantes. C&rsquo;est pourquoi nous offrons un service de location \u00e0 court terme pour nos toiles de haute qualit\u00e9. Que vous ayez besoin d&rsquo;une [&hellip;]\" \/>\n<meta property=\"og:url\" content=\"https:\/\/www.alyak2000.ca\/fr\/services\/toiles-de-location\/\" \/>\n<meta property=\"og:site_name\" content=\"Alyak 2000 Inc\" \/>\n<meta property=\"article:publisher\" content=\"https:\/\/www.facebook.com\/alyak2000\" \/>\n<meta property=\"article:modified_time\" content=\"2024-12-20T13:04:28+00:00\" \/>\n<meta property=\"og:image\" content=\"https:\/\/www.alyak2000.ca\/wp-content\/uploads\/2024\/09\/IMG_4062-1.jpg\" \/>\n\t<meta property=\"og:image:width\" content=\"1296\" \/>\n\t<meta property=\"og:image:height\" content=\"968\" \/>\n\t<meta property=\"og:image:type\" content=\"image\/jpeg\" \/>\n<meta name=\"twitter:card\" content=\"summary_large_image\" \/>\n<meta name=\"twitter:label1\" content=\"Dur\u00e9e de lecture estim\u00e9e\" \/>\n\t<meta name=\"twitter:data1\" content=\"3 minutes\" \/>\n<script type=\"application\/ld+json\" class=\"yoast-schema-graph\">{\"@context\":\"https:\/\/schema.org\",\"@graph\":[{\"@type\":\"WebPage\",\"@id\":\"https:\/\/www.alyak2000.ca\/fr\/services\/toiles-de-location\/\",\"url\":\"https:\/\/www.alyak2000.ca\/fr\/services\/toiles-de-location\/\",\"name\":\"Toiles de location - Alyak 2000 Inc\",\"isPartOf\":{\"@id\":\"https:\/\/www.alyak2000.ca\/fr\/en\/#website\"},\"primaryImageOfPage\":{\"@id\":\"https:\/\/www.alyak2000.ca\/fr\/services\/toiles-de-location\/#primaryimage\"},\"image\":{\"@id\":\"https:\/\/www.alyak2000.ca\/fr\/services\/toiles-de-location\/#primaryimage\"},\"thumbnailUrl\":\"https:\/\/www.alyak2000.ca\/wp-content\/uploads\/2024\/09\/IMG_4062-1.jpg\",\"datePublished\":\"2024-01-24T17:09:19+00:00\",\"dateModified\":\"2024-12-20T13:04:28+00:00\",\"breadcrumb\":{\"@id\":\"https:\/\/www.alyak2000.ca\/fr\/services\/toiles-de-location\/#breadcrumb\"},\"inLanguage\":\"fr-FR\",\"potentialAction\":[{\"@type\":\"ReadAction\",\"target\":[\"https:\/\/www.alyak2000.ca\/fr\/services\/toiles-de-location\/\"]}]},{\"@type\":\"ImageObject\",\"inLanguage\":\"fr-FR\",\"@id\":\"https:\/\/www.alyak2000.ca\/fr\/services\/toiles-de-location\/#primaryimage\",\"url\":\"https:\/\/www.alyak2000.ca\/wp-content\/uploads\/2024\/09\/IMG_4062-1.jpg\",\"contentUrl\":\"https:\/\/www.alyak2000.ca\/wp-content\/uploads\/2024\/09\/IMG_4062-1.jpg\"},{\"@type\":\"BreadcrumbList\",\"@id\":\"https:\/\/www.alyak2000.ca\/fr\/services\/toiles-de-location\/#breadcrumb\",\"itemListElement\":[{\"@type\":\"ListItem\",\"position\":1,\"name\":\"Accueil\",\"item\":\"https:\/\/www.alyak2000.ca\/fr\/accueil\/\"},{\"@type\":\"ListItem\",\"position\":2,\"name\":\"Services et produits\",\"item\":\"https:\/\/www.alyak2000.ca\/fr\/services\/\"},{\"@type\":\"ListItem\",\"position\":3,\"name\":\"Toiles de location\"}]},{\"@type\":\"WebSite\",\"@id\":\"https:\/\/www.alyak2000.ca\/fr\/en\/#website\",\"url\":\"https:\/\/www.alyak2000.ca\/fr\/en\/\",\"name\":\"Alyak 2000 Inc.\",\"description\":\"R\u00e9paration et personnalisation de toiles\",\"publisher\":{\"@id\":\"https:\/\/www.alyak2000.ca\/fr\/en\/#organization\"},\"potentialAction\":[{\"@type\":\"SearchAction\",\"target\":{\"@type\":\"EntryPoint\",\"urlTemplate\":\"https:\/\/www.alyak2000.ca\/fr\/en\/?s={search_term_string}\"},\"query-input\":{\"@type\":\"PropertyValueSpecification\",\"valueRequired\":true,\"valueName\":\"search_term_string\"}}],\"inLanguage\":\"fr-FR\"},{\"@type\":\"Organization\",\"@id\":\"https:\/\/www.alyak2000.ca\/fr\/en\/#organization\",\"name\":\"Alyak 2000 Inc.\",\"url\":\"https:\/\/www.alyak2000.ca\/fr\/en\/\",\"logo\":{\"@type\":\"ImageObject\",\"inLanguage\":\"fr-FR\",\"@id\":\"https:\/\/www.alyak2000.ca\/fr\/en\/#\/schema\/logo\/image\/\",\"url\":\"https:\/\/www.alyak2000.ca\/wp-content\/uploads\/2024\/04\/alyak-2000-logo-couleur-1.png\",\"contentUrl\":\"https:\/\/www.alyak2000.ca\/wp-content\/uploads\/2024\/04\/alyak-2000-logo-couleur-1.png\",\"width\":1152,\"height\":576,\"caption\":\"Alyak 2000 Inc.\"},\"image\":{\"@id\":\"https:\/\/www.alyak2000.ca\/fr\/en\/#\/schema\/logo\/image\/\"},\"sameAs\":[\"https:\/\/www.facebook.com\/alyak2000\"]}]}<\/script>\n<!-- \/ Yoast SEO plugin. -->","yoast_head_json":{"title":"Toiles de location - Alyak 2000 Inc","robots":{"index":"index","follow":"follow","max-snippet":"max-snippet:-1","max-image-preview":"max-image-preview:large","max-video-preview":"max-video-preview:-1"},"canonical":"https:\/\/www.alyak2000.ca\/fr\/services\/toiles-de-location\/","og_locale":"fr_FR","og_type":"article","og_title":"Toiles de location - Alyak 2000 Inc","og_description":"Toiles de location Location de toiles \u00e0 court terme de Alyak 2000 Inc. Chez Alyak 2000 Inc., nous comprenons que l&rsquo;industrie du transport n\u00e9cessite souvent des solutions flexibles pour r\u00e9pondre aux demandes fluctuantes. C&rsquo;est pourquoi nous offrons un service de location \u00e0 court terme pour nos toiles de haute qualit\u00e9. Que vous ayez besoin d&rsquo;une [&hellip;]","og_url":"https:\/\/www.alyak2000.ca\/fr\/services\/toiles-de-location\/","og_site_name":"Alyak 2000 Inc","article_publisher":"https:\/\/www.facebook.com\/alyak2000","article_modified_time":"2024-12-20T13:04:28+00:00","og_image":[{"width":1296,"height":968,"url":"https:\/\/www.alyak2000.ca\/wp-content\/uploads\/2024\/09\/IMG_4062-1.jpg","type":"image\/jpeg"}],"twitter_card":"summary_large_image","twitter_misc":{"Dur\u00e9e de lecture estim\u00e9e":"3 minutes"},"schema":{"@context":"https:\/\/schema.org","@graph":[{"@type":"WebPage","@id":"https:\/\/www.alyak2000.ca\/fr\/services\/toiles-de-location\/","url":"https:\/\/www.alyak2000.ca\/fr\/services\/toiles-de-location\/","name":"Toiles de location - Alyak 2000 Inc","isPartOf":{"@id":"https:\/\/www.alyak2000.ca\/fr\/en\/#website"},"primaryImageOfPage":{"@id":"https:\/\/www.alyak2000.ca\/fr\/services\/toiles-de-location\/#primaryimage"},"image":{"@id":"https:\/\/www.alyak2000.ca\/fr\/services\/toiles-de-location\/#primaryimage"},"thumbnailUrl":"https:\/\/www.alyak2000.ca\/wp-content\/uploads\/2024\/09\/IMG_4062-1.jpg","datePublished":"2024-01-24T17:09:19+00:00","dateModified":"2024-12-20T13:04:28+00:00","breadcrumb":{"@id":"https:\/\/www.alyak2000.ca\/fr\/services\/toiles-de-location\/#breadcrumb"},"inLanguage":"fr-FR","potentialAction":[{"@type":"ReadAction","target":["https:\/\/www.alyak2000.ca\/fr\/services\/toiles-de-location\/"]}]},{"@type":"ImageObject","inLanguage":"fr-FR","@id":"https:\/\/www.alyak2000.ca\/fr\/services\/toiles-de-location\/#primaryimage","url":"https:\/\/www.alyak2000.ca\/wp-content\/uploads\/2024\/09\/IMG_4062-1.jpg","contentUrl":"https:\/\/www.alyak2000.ca\/wp-content\/uploads\/2024\/09\/IMG_4062-1.jpg"},{"@type":"BreadcrumbList","@id":"https:\/\/www.alyak2000.ca\/fr\/services\/toiles-de-location\/#breadcrumb","itemListElement":[{"@type":"ListItem","position":1,"name":"Accueil","item":"https:\/\/www.alyak2000.ca\/fr\/accueil\/"},{"@type":"ListItem","position":2,"name":"Services et produits","item":"https:\/\/www.alyak2000.ca\/fr\/services\/"},{"@type":"ListItem","position":3,"name":"Toiles de location"}]},{"@type":"WebSite","@id":"https:\/\/www.alyak2000.ca\/fr\/en\/#website","url":"https:\/\/www.alyak2000.ca\/fr\/en\/","name":"Alyak 2000 Inc.","description":"R\u00e9paration et personnalisation de toiles","publisher":{"@id":"https:\/\/www.alyak2000.ca\/fr\/en\/#organization"},"potentialAction":[{"@type":"SearchAction","target":{"@type":"EntryPoint","urlTemplate":"https:\/\/www.alyak2000.ca\/fr\/en\/?s={search_term_string}"},"query-input":{"@type":"PropertyValueSpecification","valueRequired":true,"valueName":"search_term_string"}}],"inLanguage":"fr-FR"},{"@type":"Organization","@id":"https:\/\/www.alyak2000.ca\/fr\/en\/#organization","name":"Alyak 2000 Inc.","url":"https:\/\/www.alyak2000.ca\/fr\/en\/","logo":{"@type":"ImageObject","inLanguage":"fr-FR","@id":"https:\/\/www.alyak2000.ca\/fr\/en\/#\/schema\/logo\/image\/","url":"https:\/\/www.alyak2000.ca\/wp-content\/uploads\/2024\/04\/alyak-2000-logo-couleur-1.png","contentUrl":"https:\/\/www.alyak2000.ca\/wp-content\/uploads\/2024\/04\/alyak-2000-logo-couleur-1.png","width":1152,"height":576,"caption":"Alyak 2000 Inc."},"image":{"@id":"https:\/\/www.alyak2000.ca\/fr\/en\/#\/schema\/logo\/image\/"},"sameAs":["https:\/\/www.facebook.com\/alyak2000"]}]}},"_links":{"self":[{"href":"https:\/\/www.alyak2000.ca\/fr\/wp-json\/wp\/v2\/pages\/4716","targetHints":{"allow":["GET"]}}],"collection":[{"href":"https:\/\/www.alyak2000.ca\/fr\/wp-json\/wp\/v2\/pages"}],"about":[{"href":"https:\/\/www.alyak2000.ca\/fr\/wp-json\/wp\/v2\/types\/page"}],"author":[{"embeddable":true,"href":"https:\/\/www.alyak2000.ca\/fr\/wp-json\/wp\/v2\/users\/2"}],"replies":[{"embeddable":true,"href":"https:\/\/www.alyak2000.ca\/fr\/wp-json\/wp\/v2\/comments?post=4716"}],"version-history":[{"count":7,"href":"https:\/\/www.alyak2000.ca\/fr\/wp-json\/wp\/v2\/pages\/4716\/revisions"}],"predecessor-version":[{"id":5469,"href":"https:\/\/www.alyak2000.ca\/fr\/wp-json\/wp\/v2\/pages\/4716\/revisions\/5469"}],"up":[{"embeddable":true,"href":"https:\/\/www.alyak2000.ca\/fr\/wp-json\/wp\/v2\/pages\/4850"}],"wp:attachment":[{"href":"https:\/\/www.alyak2000.ca\/fr\/wp-json\/wp\/v2\/media?parent=4716"}],"curies":[{"name":"wp","href":"https:\/\/api.w.org\/{rel}","templated":true}]}}