{"id":4760,"date":"2024-01-24T12:20:00","date_gmt":"2024-01-24T17:20:00","guid":{"rendered":"https:\/\/www.alyak2000.ca\/toiles-dacier\/"},"modified":"2024-12-20T12:14:46","modified_gmt":"2024-12-20T17:14:46","slug":"toiles-dacier-remoque-plateau","status":"publish","type":"page","link":"https:\/\/www.alyak2000.ca\/fr\/toiles-dacier-remoque-plateau\/","title":{"rendered":"Toiles d&rsquo;acier"},"content":{"rendered":"\t\t<div data-elementor-type=\"wp-page\" data-elementor-id=\"4760\" class=\"elementor elementor-4760 elementor-3031\" data-elementor-post-type=\"page\">\n\t\t\t\t<div class=\"elementor-element elementor-element-1501052 e-con-full e-flex e-con e-parent\" data-id=\"1501052\" data-element_type=\"container\" data-settings=\"{&quot;background_background&quot;:&quot;classic&quot;}\">\n\t\t\t\t<div class=\"elementor-element elementor-element-155d1a4 elementor-widget elementor-widget-heading\" data-id=\"155d1a4\" data-element_type=\"widget\" data-widget_type=\"heading.default\">\n\t\t\t\t<div class=\"elementor-widget-container\">\n\t\t\t\t\t<h2 class=\"elementor-heading-title elementor-size-default\">Toiles d'acier<\/h2>\t\t\t\t<\/div>\n\t\t\t\t<\/div>\n\t\t\t\t<\/div>\n\t\t<div class=\"elementor-element elementor-element-5cc6ba53 e-con-full e-flex e-con e-parent\" data-id=\"5cc6ba53\" data-element_type=\"container\">\n\t\t<div class=\"elementor-element elementor-element-14a7b15e e-con-full e-flex e-con e-child\" data-id=\"14a7b15e\" data-element_type=\"container\">\n\t\t\t\t<div class=\"elementor-element elementor-element-1d8f5476 elementor-widget elementor-widget-heading\" data-id=\"1d8f5476\" data-element_type=\"widget\" data-widget_type=\"heading.default\">\n\t\t\t\t<div class=\"elementor-widget-container\">\n\t\t\t\t\t<h2 class=\"elementor-heading-title elementor-size-default\">Toiles d'acier de Alyak 2000 Inc.<\/h2>\t\t\t\t<\/div>\n\t\t\t\t<\/div>\n\t\t\t\t<div class=\"elementor-element elementor-element-7e07f0a5 imgfix elementor-widget elementor-widget-image\" data-id=\"7e07f0a5\" data-element_type=\"widget\" data-settings=\"{&quot;sticky&quot;:&quot;top&quot;,&quot;sticky_offset&quot;:175,&quot;sticky_effects_offset&quot;:175,&quot;sticky_on&quot;:[&quot;desktop&quot;],&quot;sticky_anchor_link_offset&quot;:0}\" data-widget_type=\"image.default\">\n\t\t\t\t<div class=\"elementor-widget-container\">\n\t\t\t\t\t\t\t\t\t\t\t\t\t\t\t<img fetchpriority=\"high\" decoding=\"async\" width=\"2016\" height=\"1512\" src=\"https:\/\/www.alyak2000.ca\/wp-content\/uploads\/2024\/09\/IMG_0661-1.jpg\" class=\"attachment-full size-full wp-image-4578\" alt=\"\" srcset=\"https:\/\/www.alyak2000.ca\/wp-content\/uploads\/2024\/09\/IMG_0661-1.jpg 2016w, https:\/\/www.alyak2000.ca\/wp-content\/uploads\/2024\/09\/IMG_0661-1-300x225.jpg 300w, https:\/\/www.alyak2000.ca\/wp-content\/uploads\/2024\/09\/IMG_0661-1-1024x768.jpg 1024w, https:\/\/www.alyak2000.ca\/wp-content\/uploads\/2024\/09\/IMG_0661-1-768x576.jpg 768w, https:\/\/www.alyak2000.ca\/wp-content\/uploads\/2024\/09\/IMG_0661-1-1536x1152.jpg 1536w, https:\/\/www.alyak2000.ca\/wp-content\/uploads\/2024\/09\/IMG_0661-1-1568x1176.jpg 1568w\" sizes=\"(max-width: 2016px) 100vw, 2016px\" \/>\t\t\t\t\t\t\t\t\t\t\t\t\t\t\t<\/div>\n\t\t\t\t<\/div>\n\t\t\t\t<\/div>\n\t\t<div class=\"elementor-element elementor-element-7fe18e28 e-con-full e-flex e-con e-child\" data-id=\"7fe18e28\" data-element_type=\"container\">\n\t\t\t\t<div class=\"elementor-element elementor-element-1df40fd3 elementor-widget elementor-widget-text-editor\" data-id=\"1df40fd3\" data-element_type=\"widget\" data-widget_type=\"text-editor.default\">\n\t\t\t\t<div class=\"elementor-widget-container\">\n\t\t\t\t\t\t\t\t\t<p><span lang=\"EN-CA\" style=\"font-size: 12.0pt\">Alyak 2000 Inc. se distingue en tant que leader dans la conception, la fabrication et l&rsquo;entretien de toiles pour camions d\u00e9di\u00e9es \u00e0 l&rsquo;industrie du transport. Conscient que la protection contre les \u00e9l\u00e9ments est cruciale pour transporter en toute s\u00e9curit\u00e9 l&rsquo;acier et d&rsquo;autres cargaisons lourdes, Alyak 2000 s&rsquo;assure que chaque livraison arrive \u00e0 destination dans des conditions optimales. <\/span><\/p>\n<p><span lang=\"EN-CA\" style=\"font-size: 12.0pt\"> <\/span><\/p>\n<p><span lang=\"EN-CA\" style=\"font-size: 12.0pt\">Le transport de bobines d&rsquo;acier et d&rsquo;autres cargaisons li\u00e9es \u00e0 l&rsquo;acier n\u00e9cessite une approche sp\u00e9cialis\u00e9e en mati\u00e8re de s\u00e9curit\u00e9. Nos toiles ultra-durables et de haute qualit\u00e9 sont m\u00e9ticuleusement con\u00e7ues pour r\u00e9pondre aux normes de s\u00e9curit\u00e9 rigoureuses exig\u00e9es par les professionnels du transport d&rsquo;acier. Leur durabilit\u00e9 exceptionnelle en fait un investissement fiable pour prot\u00e9ger vos cargaisons pr\u00e9cieuses.  <\/span><\/p>\n<p><span lang=\"EN-CA\" style=\"font-size: 12.0pt\"> <\/span><\/p>\n<p><span lang=\"EN-CA\" style=\"font-size: 12.0pt\">L&rsquo;entreprise propose une large gamme de toiles pour remorques \u00e0 plateau, y compris des options personnalisables adapt\u00e9es \u00e0 vos besoins sp\u00e9cifiques. Les toiles acier sont disponibles en mod\u00e8les <b>CLASSIQUE, HYBRIDE et ULTRAL\u00c9GER<\/b>, offrant une couverture durable et s\u00e9curis\u00e9e pour vos chargements, et peuvent \u00eatre personnalis\u00e9es avec le logo de votre entreprise. <\/span><\/p>\n<p><b><span lang=\"EN-CA\" style=\"font-size: 12.0pt\">Toiles Acier de Alyak 2000 :<\/span><\/b><\/p>\n<p><b><span lang=\"EN-CA\" style=\"font-size: 12.0pt\"> <\/span><\/b><\/p>\n<ul type=\"disc\">\n<li><span lang=\"EN-CA\" style=\"font-size: 12.0pt\"><b>Toiles Acier <\/b><\/span>:<span lang=\"EN-CA\" style=\"font-size: 12.0pt\"> Disponibles en mod\u00e8les <b>CLASSIQUE, HYBRIDE et ULTRAL\u00c9GER<\/b>.<\/span><\/li>\n<li><b><span lang=\"EN-CA\" style=\"font-size: 12.0pt\">Fabrication sur mesure<\/span><\/b> : <span lang=\"EN-CA\" style=\"font-size: 12.0pt\">Adapt\u00e9e aux dimensions demand\u00e9es pour une couverture pr\u00e9cise des chargements d&rsquo;acier.<\/span><\/li>\n<li><b><span lang=\"EN-CA\" style=\"font-size: 12.0pt\">Assemblages en PVC<\/span><\/b> :<span lang=\"EN-CA\" style=\"font-size: 12.0pt\"> Utilisant la thermosoudure haute fr\u00e9quence pour une r\u00e9sistance et une durabilit\u00e9 sup\u00e9rieures.<\/span><\/li>\n<li><span lang=\"EN-CA\" style=\"font-size: 12.0pt\"><b>Rang\u00e9es d&rsquo;\u0153illets<\/b> <\/span>:<span lang=\"EN-CA\" style=\"font-size: 12.0pt\"> Configurables selon les exigences du client, avec assemblage en couture fran\u00e7aise.<\/span><\/li>\n<li><span lang=\"EN-CA\" style=\"font-size: 12.0pt\"><b>\u0152illets en acier inoxydable<\/b> <\/span>: <span lang=\"EN-CA\" style=\"font-size: 12.0pt\">\u00c9quip\u00e9s d&rsquo;\u0153illets en acier inoxydable pour une durabilit\u00e9 accrue et une r\u00e9sistance \u00e0 la corrosion.<\/span><\/li>\n<li><b><span lang=\"EN-CA\" style=\"font-size: 12.0pt\">Large choix<\/span><\/b> :<span lang=\"EN-CA\" style=\"font-size: 12.0pt\"> Choisissez parmi une vari\u00e9t\u00e9 de couleurs et de mat\u00e9riaux pour r\u00e9pondre \u00e0 vos besoins.<\/span><\/li>\n<\/ul>\n<div><span style=\"font-family: -apple-system, BlinkMacSystemFont, Segoe UI, Roboto, Oxygen-Sans, Ubuntu, Cantarell, Helvetica Neue, sans-serif\"><span style=\"font-size: 16px\"> <\/span><\/span><\/div>\n<p><span lang=\"EN-CA\" style=\"font-size: 12.0pt\">En plus de la fabrication, Alyak 2000 Inc. propose \u00e9galement des <b>locations de toiles \u00e0 court terme<\/b> et des services de<b> r\u00e9paration de toiles<\/b>, offrant des solutions flexibles et fiables pour tous vos besoins de transport.<\/span><\/p>\n<p><span lang=\"EN-CA\" style=\"font-size: 12.0pt\"> <\/span><\/p>\n<\/p>\n<p><span lang=\"EN-CA\" style=\"font-size: 12.0pt\">Choisissez la qualit\u00e9 et la fiabilit\u00e9 avec Alyak 2000.<\/p>\n<p><\/span><\/p>\n\t\t\t\t\t\t\t\t<\/div>\n\t\t\t\t<\/div>\n\t\t\t\t<div class=\"elementor-element elementor-element-15482b61 elementor-widget elementor-widget-image\" data-id=\"15482b61\" data-element_type=\"widget\" data-widget_type=\"image.default\">\n\t\t\t\t<div class=\"elementor-widget-container\">\n\t\t\t\t\t\t\t\t\t\t\t\t\t\t\t<img decoding=\"async\" src=\"http:\/\/new.alyak2000.ca\/wp-content\/uploads\/2024\/02\/BeFunky-Colors18.jpg\" title=\"\" alt=\"\" loading=\"lazy\" \/>\t\t\t\t\t\t\t\t\t\t\t\t\t\t\t<\/div>\n\t\t\t\t<\/div>\n\t\t\t\t<\/div>\n\t\t\t\t<\/div>\n\t\t<div class=\"elementor-element elementor-element-73cf46ef e-con-full e-flex e-con e-parent\" data-id=\"73cf46ef\" data-element_type=\"container\" data-settings=\"{&quot;background_background&quot;:&quot;classic&quot;}\">\n\t\t<div class=\"elementor-element elementor-element-2c34cc23 e-con-full e-flex e-con e-child\" data-id=\"2c34cc23\" data-element_type=\"container\">\n\t\t\t\t<div class=\"elementor-element elementor-element-1a60d8ec elementor-widget elementor-widget-heading\" data-id=\"1a60d8ec\" data-element_type=\"widget\" data-widget_type=\"heading.default\">\n\t\t\t\t<div class=\"elementor-widget-container\">\n\t\t\t\t\t<h2 class=\"elementor-heading-title elementor-size-default\">Demande de renseignement<\/h2>\t\t\t\t<\/div>\n\t\t\t\t<\/div>\n\t\t\t\t<div class=\"elementor-element elementor-element-13bd98ce elementor-widget elementor-widget-text-editor\" data-id=\"13bd98ce\" data-element_type=\"widget\" data-widget_type=\"text-editor.default\">\n\t\t\t\t<div class=\"elementor-widget-container\">\n\t\t\t\t\t\t\t\t\t<p>Merci de remplir le formulaire ci-dessous avec vos coordonn\u00e9es et vos questions, et nous vous r\u00e9pondrons dans les plus brefs d\u00e9lais. Votre satisfaction est notre priorit\u00e9, et nous sommes l\u00e0 pour vous fournir toutes les informations dont vous avez besoin.<\/p>\n\t\t\t\t\t\t\t\t<\/div>\n\t\t\t\t<\/div>\n\t\t\t\t<div class=\"elementor-element elementor-element-6931520c elementor-widget elementor-widget-text-editor\" data-id=\"6931520c\" data-element_type=\"widget\" data-widget_type=\"text-editor.default\">\n\t\t\t\t<div class=\"elementor-widget-container\">\n\t\t\t\t\t\t\t\t\t<p>Merci de choisir Alyak 2000 pour vos besoins en toile et en services connexes. Nous sommes impatients de r\u00e9pondre \u00e0 toutes vos questions!<\/p>\n\t\t\t\t\t\t\t\t<\/div>\n\t\t\t\t<\/div>\n\t\t\t\t<\/div>\n\t\t<div class=\"elementor-element elementor-element-5ed417b1 e-con-full e-flex e-con e-child\" data-id=\"5ed417b1\" data-element_type=\"container\" data-settings=\"{&quot;background_background&quot;:&quot;classic&quot;}\">\n\t\t\t\t<div class=\"elementor-element elementor-element-7db4283f form-btn elementor-button-align-stretch elementor-widget elementor-widget-form\" data-id=\"7db4283f\" data-element_type=\"widget\" data-settings=\"{&quot;step_next_label&quot;:&quot;Suivant&quot;,&quot;step_previous_label&quot;:&quot;Pr\\u00e9c\\u00e9dent&quot;,&quot;button_width&quot;:&quot;100&quot;,&quot;step_type&quot;:&quot;number_text&quot;,&quot;step_icon_shape&quot;:&quot;circle&quot;}\" data-widget_type=\"form.default\">\n\t\t\t\t<div class=\"elementor-widget-container\">\n\t\t\t\t\t\t\t<form class=\"elementor-form\" method=\"post\" name=\"Noueau formulaire\" aria-label=\"Noueau formulaire\">\n\t\t\t<input type=\"hidden\" name=\"post_id\" value=\"4760\"\/>\n\t\t\t<input type=\"hidden\" name=\"form_id\" value=\"7db4283f\"\/>\n\t\t\t<input type=\"hidden\" name=\"referer_title\" value=\"Toiles d&#039;acier - Alyak 2000 Inc\" \/>\n\n\t\t\t\t\t\t\t<input type=\"hidden\" name=\"queried_id\" value=\"4760\"\/>\n\t\t\t\n\t\t\t<div class=\"elementor-form-fields-wrapper elementor-labels-above\">\n\t\t\t\t\t\t\t\t<div class=\"elementor-field-type-text elementor-field-group elementor-column elementor-field-group-name elementor-col-100 elementor-field-required elementor-mark-required\">\n\t\t\t\t\t\t\t\t\t\t\t\t<label for=\"form-field-name\" class=\"elementor-field-label\">\n\t\t\t\t\t\t\t\tNom\t\t\t\t\t\t\t<\/label>\n\t\t\t\t\t\t\t\t\t\t\t\t\t\t<input size=\"1\" type=\"text\" name=\"form_fields[name]\" id=\"form-field-name\" class=\"elementor-field elementor-size-sm  elementor-field-textual\" placeholder=\"Nom\" required=\"required\">\n\t\t\t\t\t\t\t\t\t\t\t<\/div>\n\t\t\t\t\t\t\t\t<div class=\"elementor-field-type-email elementor-field-group elementor-column elementor-field-group-email elementor-col-100 elementor-field-required elementor-mark-required\">\n\t\t\t\t\t\t\t\t\t\t\t\t<label for=\"form-field-email\" class=\"elementor-field-label\">\n\t\t\t\t\t\t\t\tEmail\t\t\t\t\t\t\t<\/label>\n\t\t\t\t\t\t\t\t\t\t\t\t\t\t<input size=\"1\" type=\"email\" name=\"form_fields[email]\" id=\"form-field-email\" class=\"elementor-field elementor-size-sm  elementor-field-textual\" placeholder=\"Email\" required=\"required\">\n\t\t\t\t\t\t\t\t\t\t\t<\/div>\n\t\t\t\t\t\t\t\t<div class=\"elementor-field-type-text elementor-field-group elementor-column elementor-field-group-field_bcc17cd elementor-col-100 elementor-field-required elementor-mark-required\">\n\t\t\t\t\t\t\t\t\t\t\t\t<label for=\"form-field-field_bcc17cd\" class=\"elementor-field-label\">\n\t\t\t\t\t\t\t\tNom de la compagnie\t\t\t\t\t\t\t<\/label>\n\t\t\t\t\t\t\t\t\t\t\t\t\t\t<input size=\"1\" type=\"text\" name=\"form_fields[field_bcc17cd]\" id=\"form-field-field_bcc17cd\" class=\"elementor-field elementor-size-sm  elementor-field-textual\" placeholder=\"Nom de la compagnie\" required=\"required\">\n\t\t\t\t\t\t\t\t\t\t\t<\/div>\n\t\t\t\t\t\t\t\t<div class=\"elementor-field-type-tel elementor-field-group elementor-column elementor-field-group-field_6b4b27d elementor-col-100 elementor-field-required elementor-mark-required\">\n\t\t\t\t\t\t\t\t\t\t\t\t<label for=\"form-field-field_6b4b27d\" class=\"elementor-field-label\">\n\t\t\t\t\t\t\t\tNum\u00e9ro de t\u00e9l\u00e9phone\t\t\t\t\t\t\t<\/label>\n\t\t\t\t\t\t\t\t<input size=\"1\" type=\"tel\" name=\"form_fields[field_6b4b27d]\" id=\"form-field-field_6b4b27d\" class=\"elementor-field elementor-size-sm  elementor-field-textual\" placeholder=\"Num\u00e9ro de t\u00e9l\u00e9phone\" required=\"required\" pattern=\"[0-9()#&amp;+*-=.]+\" title=\"Seuls les caract\u00e8res de num\u00e9ros de t\u00e9l\u00e9phone (#, -, *, etc.) sont accept\u00e9s.\">\n\n\t\t\t\t\t\t<\/div>\n\t\t\t\t\t\t\t\t<div class=\"elementor-field-type-textarea elementor-field-group elementor-column elementor-field-group-message elementor-col-100 elementor-field-required elementor-mark-required\">\n\t\t\t\t\t\t\t\t\t\t\t\t<label for=\"form-field-message\" class=\"elementor-field-label\">\n\t\t\t\t\t\t\t\tMessage\t\t\t\t\t\t\t<\/label>\n\t\t\t\t\t\t<textarea class=\"elementor-field-textual elementor-field  elementor-size-sm\" name=\"form_fields[message]\" id=\"form-field-message\" rows=\"4\" placeholder=\"Message\" required=\"required\"><\/textarea>\t\t\t\t<\/div>\n\t\t\t\t\t\t\t\t<div class=\"elementor-field-type-recaptcha_v3 elementor-field-group elementor-column elementor-field-group-field_0fbbbe2 elementor-col-100 recaptcha_v3-bottomright\">\n\t\t\t\t\t<div class=\"elementor-field\" id=\"form-field-field_0fbbbe2\"><div class=\"elementor-g-recaptcha\" data-sitekey=\"6LeIxXsUAAAAAIbN2fAUMX-eodEb1iHtLuBUDZpD\" data-type=\"v3\" data-action=\"Form\" data-badge=\"bottomright\" data-size=\"invisible\"><\/div><\/div>\t\t\t\t<\/div>\n\t\t\t\t\t\t\t\t<div class=\"elementor-field-group elementor-column elementor-field-type-submit elementor-col-100 e-form__buttons\">\n\t\t\t\t\t<button class=\"elementor-button elementor-size-sm\" type=\"submit\">\n\t\t\t\t\t\t<span class=\"elementor-button-content-wrapper\">\n\t\t\t\t\t\t\t\t\t\t\t\t\t\t\t\t\t\t\t\t\t\t<span class=\"elementor-button-text\">Envoyer<\/span>\n\t\t\t\t\t\t\t\t\t\t\t\t\t<\/span>\n\t\t\t\t\t<\/button>\n\t\t\t\t<\/div>\n\t\t\t<\/div>\n\t\t<\/form>\n\t\t\t\t\t\t<\/div>\n\t\t\t\t<\/div>\n\t\t\t\t<\/div>\n\t\t\t\t<\/div>\n\t\t\t\t<\/div>\n\t\t","protected":false},"excerpt":{"rendered":"<p>Toiles d&rsquo;acier Toiles d&rsquo;acier de Alyak 2000 Inc. Alyak 2000 Inc. se distingue en tant que leader dans la conception, la fabrication et l&rsquo;entretien de toiles pour camions d\u00e9di\u00e9es \u00e0 l&rsquo;industrie du transport. Conscient que la protection contre les \u00e9l\u00e9ments est cruciale pour transporter en toute s\u00e9curit\u00e9 l&rsquo;acier et d&rsquo;autres cargaisons lourdes, Alyak 2000 s&rsquo;assure [&hellip;]<\/p>\n","protected":false},"author":2,"featured_media":0,"parent":0,"menu_order":0,"comment_status":"closed","ping_status":"closed","template":"elementor_header_footer","meta":{"footnotes":""},"class_list":["post-4760","page","type-page","status-publish","hentry"],"yoast_head":"<!-- This site is optimized with the Yoast SEO plugin v26.4 - https:\/\/yoast.com\/wordpress\/plugins\/seo\/ -->\n<title>Toiles d&#039;acier - Alyak 2000 Inc<\/title>\n<meta name=\"robots\" content=\"index, follow, max-snippet:-1, max-image-preview:large, max-video-preview:-1\" \/>\n<link rel=\"canonical\" href=\"https:\/\/www.alyak2000.ca\/fr\/toiles-dacier-remoque-plateau\/\" \/>\n<meta property=\"og:locale\" content=\"fr_FR\" \/>\n<meta property=\"og:type\" content=\"article\" \/>\n<meta property=\"og:title\" content=\"Toiles d&#039;acier - Alyak 2000 Inc\" \/>\n<meta property=\"og:description\" content=\"Toiles d&rsquo;acier Toiles d&rsquo;acier de Alyak 2000 Inc. Alyak 2000 Inc. se distingue en tant que leader dans la conception, la fabrication et l&rsquo;entretien de toiles pour camions d\u00e9di\u00e9es \u00e0 l&rsquo;industrie du transport. Conscient que la protection contre les \u00e9l\u00e9ments est cruciale pour transporter en toute s\u00e9curit\u00e9 l&rsquo;acier et d&rsquo;autres cargaisons lourdes, Alyak 2000 s&rsquo;assure [&hellip;]\" \/>\n<meta property=\"og:url\" content=\"https:\/\/www.alyak2000.ca\/fr\/toiles-dacier-remoque-plateau\/\" \/>\n<meta property=\"og:site_name\" content=\"Alyak 2000 Inc\" \/>\n<meta property=\"article:publisher\" content=\"https:\/\/www.facebook.com\/alyak2000\" \/>\n<meta property=\"article:modified_time\" content=\"2024-12-20T17:14:46+00:00\" \/>\n<meta property=\"og:image\" content=\"https:\/\/www.alyak2000.ca\/wp-content\/uploads\/2024\/09\/IMG_0661-1.jpg\" \/>\n\t<meta property=\"og:image:width\" content=\"2016\" \/>\n\t<meta property=\"og:image:height\" content=\"1512\" \/>\n\t<meta property=\"og:image:type\" content=\"image\/jpeg\" \/>\n<meta name=\"twitter:card\" content=\"summary_large_image\" \/>\n<meta name=\"twitter:label1\" content=\"Dur\u00e9e de lecture estim\u00e9e\" \/>\n\t<meta name=\"twitter:data1\" content=\"2 minutes\" \/>\n<script type=\"application\/ld+json\" class=\"yoast-schema-graph\">{\"@context\":\"https:\/\/schema.org\",\"@graph\":[{\"@type\":\"WebPage\",\"@id\":\"https:\/\/www.alyak2000.ca\/fr\/toiles-dacier-remoque-plateau\/\",\"url\":\"https:\/\/www.alyak2000.ca\/fr\/toiles-dacier-remoque-plateau\/\",\"name\":\"Toiles d'acier - Alyak 2000 Inc\",\"isPartOf\":{\"@id\":\"https:\/\/www.alyak2000.ca\/fr\/en\/#website\"},\"primaryImageOfPage\":{\"@id\":\"https:\/\/www.alyak2000.ca\/fr\/toiles-dacier-remoque-plateau\/#primaryimage\"},\"image\":{\"@id\":\"https:\/\/www.alyak2000.ca\/fr\/toiles-dacier-remoque-plateau\/#primaryimage\"},\"thumbnailUrl\":\"https:\/\/www.alyak2000.ca\/wp-content\/uploads\/2024\/09\/IMG_0661-1.jpg\",\"datePublished\":\"2024-01-24T17:20:00+00:00\",\"dateModified\":\"2024-12-20T17:14:46+00:00\",\"breadcrumb\":{\"@id\":\"https:\/\/www.alyak2000.ca\/fr\/toiles-dacier-remoque-plateau\/#breadcrumb\"},\"inLanguage\":\"fr-FR\",\"potentialAction\":[{\"@type\":\"ReadAction\",\"target\":[\"https:\/\/www.alyak2000.ca\/fr\/toiles-dacier-remoque-plateau\/\"]}]},{\"@type\":\"ImageObject\",\"inLanguage\":\"fr-FR\",\"@id\":\"https:\/\/www.alyak2000.ca\/fr\/toiles-dacier-remoque-plateau\/#primaryimage\",\"url\":\"https:\/\/www.alyak2000.ca\/wp-content\/uploads\/2024\/09\/IMG_0661-1.jpg\",\"contentUrl\":\"https:\/\/www.alyak2000.ca\/wp-content\/uploads\/2024\/09\/IMG_0661-1.jpg\"},{\"@type\":\"BreadcrumbList\",\"@id\":\"https:\/\/www.alyak2000.ca\/fr\/toiles-dacier-remoque-plateau\/#breadcrumb\",\"itemListElement\":[{\"@type\":\"ListItem\",\"position\":1,\"name\":\"Accueil\",\"item\":\"https:\/\/www.alyak2000.ca\/fr\/accueil\/\"},{\"@type\":\"ListItem\",\"position\":2,\"name\":\"Toiles d&#8217;acier\"}]},{\"@type\":\"WebSite\",\"@id\":\"https:\/\/www.alyak2000.ca\/fr\/en\/#website\",\"url\":\"https:\/\/www.alyak2000.ca\/fr\/en\/\",\"name\":\"Alyak 2000 Inc.\",\"description\":\"R\u00e9paration et personnalisation de toiles\",\"publisher\":{\"@id\":\"https:\/\/www.alyak2000.ca\/fr\/en\/#organization\"},\"potentialAction\":[{\"@type\":\"SearchAction\",\"target\":{\"@type\":\"EntryPoint\",\"urlTemplate\":\"https:\/\/www.alyak2000.ca\/fr\/en\/?s={search_term_string}\"},\"query-input\":{\"@type\":\"PropertyValueSpecification\",\"valueRequired\":true,\"valueName\":\"search_term_string\"}}],\"inLanguage\":\"fr-FR\"},{\"@type\":\"Organization\",\"@id\":\"https:\/\/www.alyak2000.ca\/fr\/en\/#organization\",\"name\":\"Alyak 2000 Inc.\",\"url\":\"https:\/\/www.alyak2000.ca\/fr\/en\/\",\"logo\":{\"@type\":\"ImageObject\",\"inLanguage\":\"fr-FR\",\"@id\":\"https:\/\/www.alyak2000.ca\/fr\/en\/#\/schema\/logo\/image\/\",\"url\":\"https:\/\/www.alyak2000.ca\/wp-content\/uploads\/2024\/04\/alyak-2000-logo-couleur-1.png\",\"contentUrl\":\"https:\/\/www.alyak2000.ca\/wp-content\/uploads\/2024\/04\/alyak-2000-logo-couleur-1.png\",\"width\":1152,\"height\":576,\"caption\":\"Alyak 2000 Inc.\"},\"image\":{\"@id\":\"https:\/\/www.alyak2000.ca\/fr\/en\/#\/schema\/logo\/image\/\"},\"sameAs\":[\"https:\/\/www.facebook.com\/alyak2000\"]}]}<\/script>\n<!-- \/ Yoast SEO plugin. -->","yoast_head_json":{"title":"Toiles d'acier - Alyak 2000 Inc","robots":{"index":"index","follow":"follow","max-snippet":"max-snippet:-1","max-image-preview":"max-image-preview:large","max-video-preview":"max-video-preview:-1"},"canonical":"https:\/\/www.alyak2000.ca\/fr\/toiles-dacier-remoque-plateau\/","og_locale":"fr_FR","og_type":"article","og_title":"Toiles d'acier - Alyak 2000 Inc","og_description":"Toiles d&rsquo;acier Toiles d&rsquo;acier de Alyak 2000 Inc. Alyak 2000 Inc. se distingue en tant que leader dans la conception, la fabrication et l&rsquo;entretien de toiles pour camions d\u00e9di\u00e9es \u00e0 l&rsquo;industrie du transport. Conscient que la protection contre les \u00e9l\u00e9ments est cruciale pour transporter en toute s\u00e9curit\u00e9 l&rsquo;acier et d&rsquo;autres cargaisons lourdes, Alyak 2000 s&rsquo;assure [&hellip;]","og_url":"https:\/\/www.alyak2000.ca\/fr\/toiles-dacier-remoque-plateau\/","og_site_name":"Alyak 2000 Inc","article_publisher":"https:\/\/www.facebook.com\/alyak2000","article_modified_time":"2024-12-20T17:14:46+00:00","og_image":[{"width":2016,"height":1512,"url":"https:\/\/www.alyak2000.ca\/wp-content\/uploads\/2024\/09\/IMG_0661-1.jpg","type":"image\/jpeg"}],"twitter_card":"summary_large_image","twitter_misc":{"Dur\u00e9e de lecture estim\u00e9e":"2 minutes"},"schema":{"@context":"https:\/\/schema.org","@graph":[{"@type":"WebPage","@id":"https:\/\/www.alyak2000.ca\/fr\/toiles-dacier-remoque-plateau\/","url":"https:\/\/www.alyak2000.ca\/fr\/toiles-dacier-remoque-plateau\/","name":"Toiles d'acier - Alyak 2000 Inc","isPartOf":{"@id":"https:\/\/www.alyak2000.ca\/fr\/en\/#website"},"primaryImageOfPage":{"@id":"https:\/\/www.alyak2000.ca\/fr\/toiles-dacier-remoque-plateau\/#primaryimage"},"image":{"@id":"https:\/\/www.alyak2000.ca\/fr\/toiles-dacier-remoque-plateau\/#primaryimage"},"thumbnailUrl":"https:\/\/www.alyak2000.ca\/wp-content\/uploads\/2024\/09\/IMG_0661-1.jpg","datePublished":"2024-01-24T17:20:00+00:00","dateModified":"2024-12-20T17:14:46+00:00","breadcrumb":{"@id":"https:\/\/www.alyak2000.ca\/fr\/toiles-dacier-remoque-plateau\/#breadcrumb"},"inLanguage":"fr-FR","potentialAction":[{"@type":"ReadAction","target":["https:\/\/www.alyak2000.ca\/fr\/toiles-dacier-remoque-plateau\/"]}]},{"@type":"ImageObject","inLanguage":"fr-FR","@id":"https:\/\/www.alyak2000.ca\/fr\/toiles-dacier-remoque-plateau\/#primaryimage","url":"https:\/\/www.alyak2000.ca\/wp-content\/uploads\/2024\/09\/IMG_0661-1.jpg","contentUrl":"https:\/\/www.alyak2000.ca\/wp-content\/uploads\/2024\/09\/IMG_0661-1.jpg"},{"@type":"BreadcrumbList","@id":"https:\/\/www.alyak2000.ca\/fr\/toiles-dacier-remoque-plateau\/#breadcrumb","itemListElement":[{"@type":"ListItem","position":1,"name":"Accueil","item":"https:\/\/www.alyak2000.ca\/fr\/accueil\/"},{"@type":"ListItem","position":2,"name":"Toiles d&#8217;acier"}]},{"@type":"WebSite","@id":"https:\/\/www.alyak2000.ca\/fr\/en\/#website","url":"https:\/\/www.alyak2000.ca\/fr\/en\/","name":"Alyak 2000 Inc.","description":"R\u00e9paration et personnalisation de toiles","publisher":{"@id":"https:\/\/www.alyak2000.ca\/fr\/en\/#organization"},"potentialAction":[{"@type":"SearchAction","target":{"@type":"EntryPoint","urlTemplate":"https:\/\/www.alyak2000.ca\/fr\/en\/?s={search_term_string}"},"query-input":{"@type":"PropertyValueSpecification","valueRequired":true,"valueName":"search_term_string"}}],"inLanguage":"fr-FR"},{"@type":"Organization","@id":"https:\/\/www.alyak2000.ca\/fr\/en\/#organization","name":"Alyak 2000 Inc.","url":"https:\/\/www.alyak2000.ca\/fr\/en\/","logo":{"@type":"ImageObject","inLanguage":"fr-FR","@id":"https:\/\/www.alyak2000.ca\/fr\/en\/#\/schema\/logo\/image\/","url":"https:\/\/www.alyak2000.ca\/wp-content\/uploads\/2024\/04\/alyak-2000-logo-couleur-1.png","contentUrl":"https:\/\/www.alyak2000.ca\/wp-content\/uploads\/2024\/04\/alyak-2000-logo-couleur-1.png","width":1152,"height":576,"caption":"Alyak 2000 Inc."},"image":{"@id":"https:\/\/www.alyak2000.ca\/fr\/en\/#\/schema\/logo\/image\/"},"sameAs":["https:\/\/www.facebook.com\/alyak2000"]}]}},"_links":{"self":[{"href":"https:\/\/www.alyak2000.ca\/fr\/wp-json\/wp\/v2\/pages\/4760","targetHints":{"allow":["GET"]}}],"collection":[{"href":"https:\/\/www.alyak2000.ca\/fr\/wp-json\/wp\/v2\/pages"}],"about":[{"href":"https:\/\/www.alyak2000.ca\/fr\/wp-json\/wp\/v2\/types\/page"}],"author":[{"embeddable":true,"href":"https:\/\/www.alyak2000.ca\/fr\/wp-json\/wp\/v2\/users\/2"}],"replies":[{"embeddable":true,"href":"https:\/\/www.alyak2000.ca\/fr\/wp-json\/wp\/v2\/comments?post=4760"}],"version-history":[{"count":6,"href":"https:\/\/www.alyak2000.ca\/fr\/wp-json\/wp\/v2\/pages\/4760\/revisions"}],"predecessor-version":[{"id":5533,"href":"https:\/\/www.alyak2000.ca\/fr\/wp-json\/wp\/v2\/pages\/4760\/revisions\/5533"}],"wp:attachment":[{"href":"https:\/\/www.alyak2000.ca\/fr\/wp-json\/wp\/v2\/media?parent=4760"}],"curies":[{"name":"wp","href":"https:\/\/api.w.org\/{rel}","templated":true}]}}