{"id":4765,"date":"2024-01-24T12:16:48","date_gmt":"2024-01-24T17:16:48","guid":{"rendered":"https:\/\/www.alyak2000.ca\/toiles-a-bois\/"},"modified":"2024-12-20T12:20:16","modified_gmt":"2024-12-20T17:20:16","slug":"toiles-a-bois","status":"publish","type":"page","link":"https:\/\/www.alyak2000.ca\/fr\/toiles-a-bois\/","title":{"rendered":"Toiles \u00e0 bois"},"content":{"rendered":"\t\t<div data-elementor-type=\"wp-page\" data-elementor-id=\"4765\" class=\"elementor elementor-4765 elementor-3029\" data-elementor-post-type=\"page\">\n\t\t\t\t<div class=\"elementor-element elementor-element-926116e e-con-full e-flex e-con e-parent\" data-id=\"926116e\" data-element_type=\"container\" data-settings=\"{&quot;background_background&quot;:&quot;classic&quot;}\">\n\t\t\t\t<div class=\"elementor-element elementor-element-30247b4 elementor-widget elementor-widget-heading\" data-id=\"30247b4\" data-element_type=\"widget\" data-widget_type=\"heading.default\">\n\t\t\t\t<div class=\"elementor-widget-container\">\n\t\t\t\t\t<h2 class=\"elementor-heading-title elementor-size-default\">Toiles \u00e0 bois<\/h2>\t\t\t\t<\/div>\n\t\t\t\t<\/div>\n\t\t\t\t<\/div>\n\t\t<div class=\"elementor-element elementor-element-2b93dcd3 e-con-full e-flex e-con e-parent\" data-id=\"2b93dcd3\" data-element_type=\"container\">\n\t\t<div class=\"elementor-element elementor-element-7b210f19 e-con-full e-flex e-con e-child\" data-id=\"7b210f19\" data-element_type=\"container\">\n\t\t\t\t<div class=\"elementor-element elementor-element-798e585a elementor-widget elementor-widget-heading\" data-id=\"798e585a\" data-element_type=\"widget\" data-widget_type=\"heading.default\">\n\t\t\t\t<div class=\"elementor-widget-container\">\n\t\t\t\t\t<h2 class=\"elementor-heading-title elementor-size-default\">Toiles \u00e0 Bois de Alyak 2000 Inc.<\/h2>\t\t\t\t<\/div>\n\t\t\t\t<\/div>\n\t\t\t\t<div class=\"elementor-element elementor-element-5746ed2 imgfix elementor-widget elementor-widget-image\" data-id=\"5746ed2\" data-element_type=\"widget\" data-settings=\"{&quot;sticky&quot;:&quot;top&quot;,&quot;sticky_offset&quot;:175,&quot;sticky_effects_offset&quot;:175,&quot;sticky_on&quot;:[&quot;desktop&quot;],&quot;sticky_anchor_link_offset&quot;:0}\" data-widget_type=\"image.default\">\n\t\t\t\t<div class=\"elementor-widget-container\">\n\t\t\t\t\t\t\t\t\t\t\t\t\t\t\t<img fetchpriority=\"high\" decoding=\"async\" width=\"1200\" height=\"600\" src=\"https:\/\/www.alyak2000.ca\/wp-content\/uploads\/2024\/04\/Toiles-a-Bois-1.jpg\" class=\"attachment-full size-full wp-image-3505\" alt=\"\" srcset=\"https:\/\/www.alyak2000.ca\/wp-content\/uploads\/2024\/04\/Toiles-a-Bois-1.jpg 1200w, https:\/\/www.alyak2000.ca\/wp-content\/uploads\/2024\/04\/Toiles-a-Bois-1-300x150.jpg 300w, https:\/\/www.alyak2000.ca\/wp-content\/uploads\/2024\/04\/Toiles-a-Bois-1-1024x512.jpg 1024w, https:\/\/www.alyak2000.ca\/wp-content\/uploads\/2024\/04\/Toiles-a-Bois-1-768x384.jpg 768w\" sizes=\"(max-width: 1200px) 100vw, 1200px\" \/>\t\t\t\t\t\t\t\t\t\t\t\t\t\t\t<\/div>\n\t\t\t\t<\/div>\n\t\t\t\t<\/div>\n\t\t<div class=\"elementor-element elementor-element-5f49627b e-con-full e-flex e-con e-child\" data-id=\"5f49627b\" data-element_type=\"container\">\n\t\t\t\t<div class=\"elementor-element elementor-element-319fc25 elementor-widget elementor-widget-text-editor\" data-id=\"319fc25\" data-element_type=\"widget\" data-widget_type=\"text-editor.default\">\n\t\t\t\t<div class=\"elementor-widget-container\">\n\t\t\t\t\t\t\t\t\t<p>Alyak 2000 Inc. se distingue comme un leader dans la conception, la fabrication et l&rsquo;entretien de toiles pour camions destin\u00e9es \u00e0 l&rsquo;industrie du transport. Conscient que la protection des cargaisons contre les \u00e9l\u00e9ments est une pr\u00e9occupation majeure pour les conducteurs professionnels, Alyak 2000 veille \u00e0 ce que chaque livraison parvienne \u00e0 destination dans des conditions optimales. <\/p>\n<\/p>\n<p>L&rsquo;entreprise propose une large gamme de toiles pour remorques plates, avec des options personnalisables adapt\u00e9es \u00e0 vos besoins sp\u00e9cifiques. Les toiles pour bois sont disponibles en mod\u00e8les <strong>CLASSIQUE, HYBRIDE et ULTRAL\u00c9GER<\/strong>, assurant un ajustement parfait pour tout type de cargaison, et peuvent \u00eatre personnalis\u00e9es avec le logo de votre entreprise. <\/p>\n<\/p>\n<p><strong>Toiles \u00e0 Bois de Alyak 2000 :<\/strong><\/p>\n<ul>\n<li><strong>Toiles \u00e0 Bois<\/strong> : Disponibles en mod\u00e8les <strong>CLASSIQUE, HYBRIDE et ULTRAL\u00c9GER<\/strong>.<\/li>\n<li><strong>Fabrication Sur Mesure<\/strong> : Adapt\u00e9e aux dimensions demand\u00e9es pour une couverture pr\u00e9cise.<\/li>\n<li><strong>Assemblages en PVC<\/strong> : Utilisant le thermo-scellage \u00e0 haute fr\u00e9quence pour une r\u00e9sistance et une durabilit\u00e9 sup\u00e9rieures.<\/li>\n<li><strong> Rangs d&rsquo;\u0152illets<\/strong> : Configurables selon les exigences du client, avec une couture en double piq\u00fbre.<\/li>\n<li><strong>\u0152illets en acier inoxydable<\/strong> : \u00c9quip\u00e9es d&rsquo;\u0153illets en acier inoxydable pour une durabilit\u00e9 accrue et une r\u00e9sistance \u00e0 la corrosion.<\/li>\n<li><strong>Large S\u00e9lection <\/strong>: Choisissez parmi une vari\u00e9t\u00e9 de couleurs et de mat\u00e9riaux pour r\u00e9pondre \u00e0 vos besoins.<\/li>\n<\/ul>\n<p>En plus de la fabrication, Alyak 2000 Inc. propose \u00e9galement des <strong>locations de toiles \u00e0 court terme<\/strong> et des services de<strong> r\u00e9paration de toiles<\/strong>, offrant des solutions flexibles et fiables pour tous vos besoins de transport.<\/p>\n<\/p>\n<p>Choisissez la qualit\u00e9 et la fiabilit\u00e9 avec Alyak 2000.<\/p>\n\t\t\t\t\t\t\t\t<\/div>\n\t\t\t\t<\/div>\n\t\t\t\t<div class=\"elementor-element elementor-element-205bd245 elementor-widget elementor-widget-image\" data-id=\"205bd245\" data-element_type=\"widget\" data-widget_type=\"image.default\">\n\t\t\t\t<div class=\"elementor-widget-container\">\n\t\t\t\t\t\t\t\t\t\t\t\t\t\t\t<img decoding=\"async\" src=\"http:\/\/new.alyak2000.ca\/wp-content\/uploads\/2024\/02\/BeFunky-Colors18.jpg\" title=\"\" alt=\"\" loading=\"lazy\" \/>\t\t\t\t\t\t\t\t\t\t\t\t\t\t\t<\/div>\n\t\t\t\t<\/div>\n\t\t\t\t<\/div>\n\t\t\t\t<\/div>\n\t\t<div class=\"elementor-element elementor-element-6486f01 e-con-full e-flex e-con e-parent\" data-id=\"6486f01\" data-element_type=\"container\" data-settings=\"{&quot;background_background&quot;:&quot;classic&quot;}\">\n\t\t<div class=\"elementor-element elementor-element-738593be e-con-full e-flex e-con e-child\" data-id=\"738593be\" data-element_type=\"container\">\n\t\t\t\t<div class=\"elementor-element elementor-element-2557f18d elementor-widget elementor-widget-heading\" data-id=\"2557f18d\" data-element_type=\"widget\" data-widget_type=\"heading.default\">\n\t\t\t\t<div class=\"elementor-widget-container\">\n\t\t\t\t\t<h2 class=\"elementor-heading-title elementor-size-default\">Demande de renseignement<\/h2>\t\t\t\t<\/div>\n\t\t\t\t<\/div>\n\t\t\t\t<div class=\"elementor-element elementor-element-34078a4b elementor-widget elementor-widget-text-editor\" data-id=\"34078a4b\" data-element_type=\"widget\" data-widget_type=\"text-editor.default\">\n\t\t\t\t<div class=\"elementor-widget-container\">\n\t\t\t\t\t\t\t\t\t<p>Merci de remplir le formulaire ci-dessous avec vos coordonn\u00e9es et vos questions, et nous vous r\u00e9pondrons dans les plus brefs d\u00e9lais. Votre satisfaction est notre priorit\u00e9, et nous sommes l\u00e0 pour vous fournir toutes les informations dont vous avez besoin.<\/p>\n\t\t\t\t\t\t\t\t<\/div>\n\t\t\t\t<\/div>\n\t\t\t\t<div class=\"elementor-element elementor-element-26d5e4e7 elementor-widget elementor-widget-text-editor\" data-id=\"26d5e4e7\" data-element_type=\"widget\" data-widget_type=\"text-editor.default\">\n\t\t\t\t<div class=\"elementor-widget-container\">\n\t\t\t\t\t\t\t\t\t<p>Merci de choisir Alyak 2000 pour vos besoins en toile et en services connexes. Nous sommes impatients de r\u00e9pondre \u00e0 toutes vos questions!<\/p>\n\t\t\t\t\t\t\t\t<\/div>\n\t\t\t\t<\/div>\n\t\t\t\t<\/div>\n\t\t<div class=\"elementor-element elementor-element-69122a15 e-con-full e-flex e-con e-child\" data-id=\"69122a15\" data-element_type=\"container\" data-settings=\"{&quot;background_background&quot;:&quot;classic&quot;}\">\n\t\t\t\t<div class=\"elementor-element elementor-element-71e25376 form-btn elementor-button-align-stretch elementor-widget elementor-widget-form\" data-id=\"71e25376\" data-element_type=\"widget\" data-settings=\"{&quot;step_next_label&quot;:&quot;Suivant&quot;,&quot;step_previous_label&quot;:&quot;Pr\\u00e9c\\u00e9dent&quot;,&quot;button_width&quot;:&quot;100&quot;,&quot;step_type&quot;:&quot;number_text&quot;,&quot;step_icon_shape&quot;:&quot;circle&quot;}\" data-widget_type=\"form.default\">\n\t\t\t\t<div class=\"elementor-widget-container\">\n\t\t\t\t\t\t\t<form class=\"elementor-form\" method=\"post\" name=\"Noueau formulaire\" aria-label=\"Noueau formulaire\">\n\t\t\t<input type=\"hidden\" name=\"post_id\" value=\"4765\"\/>\n\t\t\t<input type=\"hidden\" name=\"form_id\" value=\"71e25376\"\/>\n\t\t\t<input type=\"hidden\" name=\"referer_title\" value=\"Toiles \u00e0 bois - Alyak 2000 Inc\" \/>\n\n\t\t\t\t\t\t\t<input type=\"hidden\" name=\"queried_id\" value=\"4765\"\/>\n\t\t\t\n\t\t\t<div class=\"elementor-form-fields-wrapper elementor-labels-above\">\n\t\t\t\t\t\t\t\t<div class=\"elementor-field-type-text elementor-field-group elementor-column elementor-field-group-name elementor-col-100 elementor-field-required elementor-mark-required\">\n\t\t\t\t\t\t\t\t\t\t\t\t<label for=\"form-field-name\" class=\"elementor-field-label\">\n\t\t\t\t\t\t\t\tNom\t\t\t\t\t\t\t<\/label>\n\t\t\t\t\t\t\t\t\t\t\t\t\t\t<input size=\"1\" type=\"text\" name=\"form_fields[name]\" id=\"form-field-name\" class=\"elementor-field elementor-size-sm  elementor-field-textual\" placeholder=\"Nom\" required=\"required\">\n\t\t\t\t\t\t\t\t\t\t\t<\/div>\n\t\t\t\t\t\t\t\t<div class=\"elementor-field-type-email elementor-field-group elementor-column elementor-field-group-email elementor-col-100 elementor-field-required elementor-mark-required\">\n\t\t\t\t\t\t\t\t\t\t\t\t<label for=\"form-field-email\" class=\"elementor-field-label\">\n\t\t\t\t\t\t\t\tEmail\t\t\t\t\t\t\t<\/label>\n\t\t\t\t\t\t\t\t\t\t\t\t\t\t<input size=\"1\" type=\"email\" name=\"form_fields[email]\" id=\"form-field-email\" class=\"elementor-field elementor-size-sm  elementor-field-textual\" placeholder=\"Email\" required=\"required\">\n\t\t\t\t\t\t\t\t\t\t\t<\/div>\n\t\t\t\t\t\t\t\t<div class=\"elementor-field-type-text elementor-field-group elementor-column elementor-field-group-field_bcc17cd elementor-col-100 elementor-field-required elementor-mark-required\">\n\t\t\t\t\t\t\t\t\t\t\t\t<label for=\"form-field-field_bcc17cd\" class=\"elementor-field-label\">\n\t\t\t\t\t\t\t\tNom de la compagnie\t\t\t\t\t\t\t<\/label>\n\t\t\t\t\t\t\t\t\t\t\t\t\t\t<input size=\"1\" type=\"text\" name=\"form_fields[field_bcc17cd]\" id=\"form-field-field_bcc17cd\" class=\"elementor-field elementor-size-sm  elementor-field-textual\" placeholder=\"Nom de la compagnie\" required=\"required\">\n\t\t\t\t\t\t\t\t\t\t\t<\/div>\n\t\t\t\t\t\t\t\t<div class=\"elementor-field-type-tel elementor-field-group elementor-column elementor-field-group-field_e32a2fa elementor-col-100 elementor-field-required elementor-mark-required\">\n\t\t\t\t\t\t\t\t\t\t\t\t<label for=\"form-field-field_e32a2fa\" class=\"elementor-field-label\">\n\t\t\t\t\t\t\t\tNum\u00e9ro de t\u00e9l\u00e9phone\t\t\t\t\t\t\t<\/label>\n\t\t\t\t\t\t\t\t<input size=\"1\" type=\"tel\" name=\"form_fields[field_e32a2fa]\" id=\"form-field-field_e32a2fa\" class=\"elementor-field elementor-size-sm  elementor-field-textual\" placeholder=\"Num\u00e9ro de t\u00e9l\u00e9phone\" required=\"required\" pattern=\"[0-9()#&amp;+*-=.]+\" title=\"Seuls les caract\u00e8res de num\u00e9ros de t\u00e9l\u00e9phone (#, -, *, etc.) sont accept\u00e9s.\">\n\n\t\t\t\t\t\t<\/div>\n\t\t\t\t\t\t\t\t<div class=\"elementor-field-type-textarea elementor-field-group elementor-column elementor-field-group-message elementor-col-100 elementor-field-required elementor-mark-required\">\n\t\t\t\t\t\t\t\t\t\t\t\t<label for=\"form-field-message\" class=\"elementor-field-label\">\n\t\t\t\t\t\t\t\tMessage\t\t\t\t\t\t\t<\/label>\n\t\t\t\t\t\t<textarea class=\"elementor-field-textual elementor-field  elementor-size-sm\" name=\"form_fields[message]\" id=\"form-field-message\" rows=\"4\" placeholder=\"Message\" required=\"required\"><\/textarea>\t\t\t\t<\/div>\n\t\t\t\t\t\t\t\t<div class=\"elementor-field-type-recaptcha_v3 elementor-field-group elementor-column elementor-field-group-field_6af3515 elementor-col-100 recaptcha_v3-bottomright\">\n\t\t\t\t\t<div class=\"elementor-field\" id=\"form-field-field_6af3515\"><div class=\"elementor-g-recaptcha\" data-sitekey=\"6LeIxXsUAAAAAIbN2fAUMX-eodEb1iHtLuBUDZpD\" data-type=\"v3\" data-action=\"Form\" data-badge=\"bottomright\" data-size=\"invisible\"><\/div><\/div>\t\t\t\t<\/div>\n\t\t\t\t\t\t\t\t<div class=\"elementor-field-group elementor-column elementor-field-type-submit elementor-col-100 e-form__buttons\">\n\t\t\t\t\t<button class=\"elementor-button elementor-size-sm\" type=\"submit\">\n\t\t\t\t\t\t<span class=\"elementor-button-content-wrapper\">\n\t\t\t\t\t\t\t\t\t\t\t\t\t\t\t\t\t\t\t\t\t\t<span class=\"elementor-button-text\">Envoyer<\/span>\n\t\t\t\t\t\t\t\t\t\t\t\t\t<\/span>\n\t\t\t\t\t<\/button>\n\t\t\t\t<\/div>\n\t\t\t<\/div>\n\t\t<\/form>\n\t\t\t\t\t\t<\/div>\n\t\t\t\t<\/div>\n\t\t\t\t<\/div>\n\t\t\t\t<\/div>\n\t\t\t\t<\/div>\n\t\t","protected":false},"excerpt":{"rendered":"<p>Toiles \u00e0 bois Toiles \u00e0 Bois de Alyak 2000 Inc. Alyak 2000 Inc. se distingue comme un leader dans la conception, la fabrication et l&rsquo;entretien de toiles pour camions destin\u00e9es \u00e0 l&rsquo;industrie du transport. Conscient que la protection des cargaisons contre les \u00e9l\u00e9ments est une pr\u00e9occupation majeure pour les conducteurs professionnels, Alyak 2000 veille \u00e0 [&hellip;]<\/p>\n","protected":false},"author":2,"featured_media":0,"parent":0,"menu_order":0,"comment_status":"closed","ping_status":"closed","template":"elementor_header_footer","meta":{"footnotes":""},"class_list":["post-4765","page","type-page","status-publish","hentry"],"yoast_head":"<!-- This site is optimized with the Yoast SEO plugin v26.4 - https:\/\/yoast.com\/wordpress\/plugins\/seo\/ -->\n<title>Toiles \u00e0 bois - Alyak 2000 Inc<\/title>\n<meta name=\"robots\" content=\"index, follow, max-snippet:-1, max-image-preview:large, max-video-preview:-1\" \/>\n<link rel=\"canonical\" href=\"https:\/\/www.alyak2000.ca\/fr\/toiles-a-bois\/\" \/>\n<meta property=\"og:locale\" content=\"fr_FR\" \/>\n<meta property=\"og:type\" content=\"article\" \/>\n<meta property=\"og:title\" content=\"Toiles \u00e0 bois - Alyak 2000 Inc\" \/>\n<meta property=\"og:description\" content=\"Toiles \u00e0 bois Toiles \u00e0 Bois de Alyak 2000 Inc. Alyak 2000 Inc. se distingue comme un leader dans la conception, la fabrication et l&rsquo;entretien de toiles pour camions destin\u00e9es \u00e0 l&rsquo;industrie du transport. Conscient que la protection des cargaisons contre les \u00e9l\u00e9ments est une pr\u00e9occupation majeure pour les conducteurs professionnels, Alyak 2000 veille \u00e0 [&hellip;]\" \/>\n<meta property=\"og:url\" content=\"https:\/\/www.alyak2000.ca\/fr\/toiles-a-bois\/\" \/>\n<meta property=\"og:site_name\" content=\"Alyak 2000 Inc\" \/>\n<meta property=\"article:publisher\" content=\"https:\/\/www.facebook.com\/alyak2000\" \/>\n<meta property=\"article:modified_time\" content=\"2024-12-20T17:20:16+00:00\" \/>\n<meta property=\"og:image\" content=\"https:\/\/www.alyak2000.ca\/wp-content\/uploads\/2024\/04\/Toiles-a-Bois-1.jpg\" \/>\n\t<meta property=\"og:image:width\" content=\"1200\" \/>\n\t<meta property=\"og:image:height\" content=\"600\" \/>\n\t<meta property=\"og:image:type\" content=\"image\/jpeg\" \/>\n<meta name=\"twitter:card\" content=\"summary_large_image\" \/>\n<meta name=\"twitter:label1\" content=\"Dur\u00e9e de lecture estim\u00e9e\" \/>\n\t<meta name=\"twitter:data1\" content=\"2 minutes\" \/>\n<script type=\"application\/ld+json\" class=\"yoast-schema-graph\">{\"@context\":\"https:\/\/schema.org\",\"@graph\":[{\"@type\":\"WebPage\",\"@id\":\"https:\/\/www.alyak2000.ca\/fr\/toiles-a-bois\/\",\"url\":\"https:\/\/www.alyak2000.ca\/fr\/toiles-a-bois\/\",\"name\":\"Toiles \u00e0 bois - Alyak 2000 Inc\",\"isPartOf\":{\"@id\":\"https:\/\/www.alyak2000.ca\/fr\/en\/#website\"},\"primaryImageOfPage\":{\"@id\":\"https:\/\/www.alyak2000.ca\/fr\/toiles-a-bois\/#primaryimage\"},\"image\":{\"@id\":\"https:\/\/www.alyak2000.ca\/fr\/toiles-a-bois\/#primaryimage\"},\"thumbnailUrl\":\"https:\/\/www.alyak2000.ca\/wp-content\/uploads\/2024\/04\/Toiles-a-Bois-1.jpg\",\"datePublished\":\"2024-01-24T17:16:48+00:00\",\"dateModified\":\"2024-12-20T17:20:16+00:00\",\"breadcrumb\":{\"@id\":\"https:\/\/www.alyak2000.ca\/fr\/toiles-a-bois\/#breadcrumb\"},\"inLanguage\":\"fr-FR\",\"potentialAction\":[{\"@type\":\"ReadAction\",\"target\":[\"https:\/\/www.alyak2000.ca\/fr\/toiles-a-bois\/\"]}]},{\"@type\":\"ImageObject\",\"inLanguage\":\"fr-FR\",\"@id\":\"https:\/\/www.alyak2000.ca\/fr\/toiles-a-bois\/#primaryimage\",\"url\":\"https:\/\/www.alyak2000.ca\/wp-content\/uploads\/2024\/04\/Toiles-a-Bois-1.jpg\",\"contentUrl\":\"https:\/\/www.alyak2000.ca\/wp-content\/uploads\/2024\/04\/Toiles-a-Bois-1.jpg\"},{\"@type\":\"BreadcrumbList\",\"@id\":\"https:\/\/www.alyak2000.ca\/fr\/toiles-a-bois\/#breadcrumb\",\"itemListElement\":[{\"@type\":\"ListItem\",\"position\":1,\"name\":\"Accueil\",\"item\":\"https:\/\/www.alyak2000.ca\/fr\/accueil\/\"},{\"@type\":\"ListItem\",\"position\":2,\"name\":\"Toiles \u00e0 bois\"}]},{\"@type\":\"WebSite\",\"@id\":\"https:\/\/www.alyak2000.ca\/fr\/en\/#website\",\"url\":\"https:\/\/www.alyak2000.ca\/fr\/en\/\",\"name\":\"Alyak 2000 Inc.\",\"description\":\"R\u00e9paration et personnalisation de toiles\",\"publisher\":{\"@id\":\"https:\/\/www.alyak2000.ca\/fr\/en\/#organization\"},\"potentialAction\":[{\"@type\":\"SearchAction\",\"target\":{\"@type\":\"EntryPoint\",\"urlTemplate\":\"https:\/\/www.alyak2000.ca\/fr\/en\/?s={search_term_string}\"},\"query-input\":{\"@type\":\"PropertyValueSpecification\",\"valueRequired\":true,\"valueName\":\"search_term_string\"}}],\"inLanguage\":\"fr-FR\"},{\"@type\":\"Organization\",\"@id\":\"https:\/\/www.alyak2000.ca\/fr\/en\/#organization\",\"name\":\"Alyak 2000 Inc.\",\"url\":\"https:\/\/www.alyak2000.ca\/fr\/en\/\",\"logo\":{\"@type\":\"ImageObject\",\"inLanguage\":\"fr-FR\",\"@id\":\"https:\/\/www.alyak2000.ca\/fr\/en\/#\/schema\/logo\/image\/\",\"url\":\"https:\/\/www.alyak2000.ca\/wp-content\/uploads\/2024\/04\/alyak-2000-logo-couleur-1.png\",\"contentUrl\":\"https:\/\/www.alyak2000.ca\/wp-content\/uploads\/2024\/04\/alyak-2000-logo-couleur-1.png\",\"width\":1152,\"height\":576,\"caption\":\"Alyak 2000 Inc.\"},\"image\":{\"@id\":\"https:\/\/www.alyak2000.ca\/fr\/en\/#\/schema\/logo\/image\/\"},\"sameAs\":[\"https:\/\/www.facebook.com\/alyak2000\"]}]}<\/script>\n<!-- \/ Yoast SEO plugin. -->","yoast_head_json":{"title":"Toiles \u00e0 bois - Alyak 2000 Inc","robots":{"index":"index","follow":"follow","max-snippet":"max-snippet:-1","max-image-preview":"max-image-preview:large","max-video-preview":"max-video-preview:-1"},"canonical":"https:\/\/www.alyak2000.ca\/fr\/toiles-a-bois\/","og_locale":"fr_FR","og_type":"article","og_title":"Toiles \u00e0 bois - Alyak 2000 Inc","og_description":"Toiles \u00e0 bois Toiles \u00e0 Bois de Alyak 2000 Inc. Alyak 2000 Inc. se distingue comme un leader dans la conception, la fabrication et l&rsquo;entretien de toiles pour camions destin\u00e9es \u00e0 l&rsquo;industrie du transport. Conscient que la protection des cargaisons contre les \u00e9l\u00e9ments est une pr\u00e9occupation majeure pour les conducteurs professionnels, Alyak 2000 veille \u00e0 [&hellip;]","og_url":"https:\/\/www.alyak2000.ca\/fr\/toiles-a-bois\/","og_site_name":"Alyak 2000 Inc","article_publisher":"https:\/\/www.facebook.com\/alyak2000","article_modified_time":"2024-12-20T17:20:16+00:00","og_image":[{"width":1200,"height":600,"url":"https:\/\/www.alyak2000.ca\/wp-content\/uploads\/2024\/04\/Toiles-a-Bois-1.jpg","type":"image\/jpeg"}],"twitter_card":"summary_large_image","twitter_misc":{"Dur\u00e9e de lecture estim\u00e9e":"2 minutes"},"schema":{"@context":"https:\/\/schema.org","@graph":[{"@type":"WebPage","@id":"https:\/\/www.alyak2000.ca\/fr\/toiles-a-bois\/","url":"https:\/\/www.alyak2000.ca\/fr\/toiles-a-bois\/","name":"Toiles \u00e0 bois - Alyak 2000 Inc","isPartOf":{"@id":"https:\/\/www.alyak2000.ca\/fr\/en\/#website"},"primaryImageOfPage":{"@id":"https:\/\/www.alyak2000.ca\/fr\/toiles-a-bois\/#primaryimage"},"image":{"@id":"https:\/\/www.alyak2000.ca\/fr\/toiles-a-bois\/#primaryimage"},"thumbnailUrl":"https:\/\/www.alyak2000.ca\/wp-content\/uploads\/2024\/04\/Toiles-a-Bois-1.jpg","datePublished":"2024-01-24T17:16:48+00:00","dateModified":"2024-12-20T17:20:16+00:00","breadcrumb":{"@id":"https:\/\/www.alyak2000.ca\/fr\/toiles-a-bois\/#breadcrumb"},"inLanguage":"fr-FR","potentialAction":[{"@type":"ReadAction","target":["https:\/\/www.alyak2000.ca\/fr\/toiles-a-bois\/"]}]},{"@type":"ImageObject","inLanguage":"fr-FR","@id":"https:\/\/www.alyak2000.ca\/fr\/toiles-a-bois\/#primaryimage","url":"https:\/\/www.alyak2000.ca\/wp-content\/uploads\/2024\/04\/Toiles-a-Bois-1.jpg","contentUrl":"https:\/\/www.alyak2000.ca\/wp-content\/uploads\/2024\/04\/Toiles-a-Bois-1.jpg"},{"@type":"BreadcrumbList","@id":"https:\/\/www.alyak2000.ca\/fr\/toiles-a-bois\/#breadcrumb","itemListElement":[{"@type":"ListItem","position":1,"name":"Accueil","item":"https:\/\/www.alyak2000.ca\/fr\/accueil\/"},{"@type":"ListItem","position":2,"name":"Toiles \u00e0 bois"}]},{"@type":"WebSite","@id":"https:\/\/www.alyak2000.ca\/fr\/en\/#website","url":"https:\/\/www.alyak2000.ca\/fr\/en\/","name":"Alyak 2000 Inc.","description":"R\u00e9paration et personnalisation de toiles","publisher":{"@id":"https:\/\/www.alyak2000.ca\/fr\/en\/#organization"},"potentialAction":[{"@type":"SearchAction","target":{"@type":"EntryPoint","urlTemplate":"https:\/\/www.alyak2000.ca\/fr\/en\/?s={search_term_string}"},"query-input":{"@type":"PropertyValueSpecification","valueRequired":true,"valueName":"search_term_string"}}],"inLanguage":"fr-FR"},{"@type":"Organization","@id":"https:\/\/www.alyak2000.ca\/fr\/en\/#organization","name":"Alyak 2000 Inc.","url":"https:\/\/www.alyak2000.ca\/fr\/en\/","logo":{"@type":"ImageObject","inLanguage":"fr-FR","@id":"https:\/\/www.alyak2000.ca\/fr\/en\/#\/schema\/logo\/image\/","url":"https:\/\/www.alyak2000.ca\/wp-content\/uploads\/2024\/04\/alyak-2000-logo-couleur-1.png","contentUrl":"https:\/\/www.alyak2000.ca\/wp-content\/uploads\/2024\/04\/alyak-2000-logo-couleur-1.png","width":1152,"height":576,"caption":"Alyak 2000 Inc."},"image":{"@id":"https:\/\/www.alyak2000.ca\/fr\/en\/#\/schema\/logo\/image\/"},"sameAs":["https:\/\/www.facebook.com\/alyak2000"]}]}},"_links":{"self":[{"href":"https:\/\/www.alyak2000.ca\/fr\/wp-json\/wp\/v2\/pages\/4765","targetHints":{"allow":["GET"]}}],"collection":[{"href":"https:\/\/www.alyak2000.ca\/fr\/wp-json\/wp\/v2\/pages"}],"about":[{"href":"https:\/\/www.alyak2000.ca\/fr\/wp-json\/wp\/v2\/types\/page"}],"author":[{"embeddable":true,"href":"https:\/\/www.alyak2000.ca\/fr\/wp-json\/wp\/v2\/users\/2"}],"replies":[{"embeddable":true,"href":"https:\/\/www.alyak2000.ca\/fr\/wp-json\/wp\/v2\/comments?post=4765"}],"version-history":[{"count":4,"href":"https:\/\/www.alyak2000.ca\/fr\/wp-json\/wp\/v2\/pages\/4765\/revisions"}],"predecessor-version":[{"id":5543,"href":"https:\/\/www.alyak2000.ca\/fr\/wp-json\/wp\/v2\/pages\/4765\/revisions\/5543"}],"wp:attachment":[{"href":"https:\/\/www.alyak2000.ca\/fr\/wp-json\/wp\/v2\/media?parent=4765"}],"curies":[{"name":"wp","href":"https:\/\/api.w.org\/{rel}","templated":true}]}}