{"id":5407,"date":"2024-10-07T15:08:03","date_gmt":"2024-10-07T20:08:03","guid":{"rendered":"https:\/\/www.alyak2000.ca\/services\/reparation-de-toiles\/"},"modified":"2024-12-20T08:05:17","modified_gmt":"2024-12-20T13:05:17","slug":"reparation-de-toiles-camion","status":"publish","type":"page","link":"https:\/\/www.alyak2000.ca\/fr\/services\/reparation-de-toiles-camion\/","title":{"rendered":"R\u00e9paration de toiles"},"content":{"rendered":"\t\t<div data-elementor-type=\"wp-page\" data-elementor-id=\"5407\" class=\"elementor elementor-5407 elementor-5400\" data-elementor-post-type=\"page\">\n\t\t\t\t<div class=\"elementor-element elementor-element-7021f3cd e-con-full e-flex e-con e-parent\" data-id=\"7021f3cd\" data-element_type=\"container\" data-settings=\"{&quot;background_background&quot;:&quot;classic&quot;}\">\n\t\t\t\t<div class=\"elementor-element elementor-element-38756077 elementor-widget-tablet__width-inherit elementor-widget elementor-widget-heading\" data-id=\"38756077\" data-element_type=\"widget\" data-widget_type=\"heading.default\">\n\t\t\t\t<div class=\"elementor-widget-container\">\n\t\t\t\t\t<h2 class=\"elementor-heading-title elementor-size-default\">R\u00e9paration de toiles<\/h2>\t\t\t\t<\/div>\n\t\t\t\t<\/div>\n\t\t\t\t<\/div>\n\t\t<div class=\"elementor-element elementor-element-7e3bcb9c e-con-full e-flex e-con e-parent\" data-id=\"7e3bcb9c\" data-element_type=\"container\">\n\t\t<div class=\"elementor-element elementor-element-6dc75ed1 e-con-full e-flex e-con e-child\" data-id=\"6dc75ed1\" data-element_type=\"container\">\n\t\t\t\t<div class=\"elementor-element elementor-element-524cec06 elementor-widget elementor-widget-heading\" data-id=\"524cec06\" data-element_type=\"widget\" data-widget_type=\"heading.default\">\n\t\t\t\t<div class=\"elementor-widget-container\">\n\t\t\t\t\t<h2 class=\"elementor-heading-title elementor-size-default\">R\u00e9parations de toiles de camion traditionnelles<\/h2>\t\t\t\t<\/div>\n\t\t\t\t<\/div>\n\t\t\t\t<div class=\"elementor-element elementor-element-37488a29 imgfix elementor-widget elementor-widget-image\" data-id=\"37488a29\" data-element_type=\"widget\" data-settings=\"{&quot;sticky&quot;:&quot;top&quot;,&quot;sticky_offset&quot;:175,&quot;sticky_effects_offset&quot;:175,&quot;sticky_on&quot;:[&quot;desktop&quot;],&quot;sticky_anchor_link_offset&quot;:0}\" data-widget_type=\"image.default\">\n\t\t\t\t<div class=\"elementor-widget-container\">\n\t\t\t\t\t\t\t\t\t\t\t\t\t\t\t<img fetchpriority=\"high\" decoding=\"async\" width=\"1200\" height=\"600\" src=\"https:\/\/www.alyak2000.ca\/wp-content\/uploads\/2024\/04\/reparation-toile-4x6-sonya-messier-min.jpg\" class=\"attachment-full size-full wp-image-3541\" alt=\"\" srcset=\"https:\/\/www.alyak2000.ca\/wp-content\/uploads\/2024\/04\/reparation-toile-4x6-sonya-messier-min.jpg 1200w, https:\/\/www.alyak2000.ca\/wp-content\/uploads\/2024\/04\/reparation-toile-4x6-sonya-messier-min-300x150.jpg 300w, https:\/\/www.alyak2000.ca\/wp-content\/uploads\/2024\/04\/reparation-toile-4x6-sonya-messier-min-1024x512.jpg 1024w, https:\/\/www.alyak2000.ca\/wp-content\/uploads\/2024\/04\/reparation-toile-4x6-sonya-messier-min-768x384.jpg 768w\" sizes=\"(max-width: 1200px) 100vw, 1200px\" \/>\t\t\t\t\t\t\t\t\t\t\t\t\t\t\t<\/div>\n\t\t\t\t<\/div>\n\t\t\t\t<\/div>\n\t\t<div class=\"elementor-element elementor-element-5904735f e-con-full e-flex e-con e-child\" data-id=\"5904735f\" data-element_type=\"container\">\n\t\t\t\t<div class=\"elementor-element elementor-element-644a1382 elementor-widget elementor-widget-text-editor\" data-id=\"644a1382\" data-element_type=\"widget\" data-widget_type=\"text-editor.default\">\n\t\t\t\t<div class=\"elementor-widget-container\">\n\t\t\t\t\t\t\t\t\t<p>Chez Alyak 2000 Inc., nous sommes sp\u00e9cialis\u00e9s dans les r\u00e9parations rapides et fiables des toiles de camion traditionnelles. Que votre toile soit endommag\u00e9e par l\u2019usure, les intemp\u00e9ries ou un impact accidentel, notre \u00e9quipe experte est l\u00e0 pour la remettre en \u00e9tat afin de prot\u00e9ger efficacement votre cargaison. <\/p>\n<p><strong>Pourquoi Choisir Alyak 2000 Inc. pour les R\u00e9parations de Toiles de Camion?<\/strong><\/p>\n<ul>\n<li><strong>R\u00e9parations Compl\u00e8tes<\/strong> : Nous r\u00e9parons tous les \u00e9l\u00e9ments de votre toile, des coutures aux \u0153illets, en passant par les zones renforc\u00e9es, pour une protection maximale sur la route.<\/li>\n<li><strong>Toiles de Remplacement<\/strong> : Si les r\u00e9parations ne suffisent pas, nous fabriquons des toiles de remplacement sur mesure adapt\u00e9es \u00e0 vos besoins sp\u00e9cifiques.<\/li>\n<li><strong>D\u00e9lai Rapide<\/strong> : Nous comprenons l&rsquo;importance de limiter le temps d&rsquo;arr\u00eat, c\u2019est pourquoi nous assurons des r\u00e9parations rapides pour remettre votre toile en service au plus vite.<\/li>\n<li><strong>Mat\u00e9riaux de Haute Qualit\u00e9<\/strong> : Nous utilisons des mat\u00e9riaux durables et de haute qualit\u00e9 pour chaque r\u00e9paration, garantissant ainsi la long\u00e9vit\u00e9 de votre toile.<\/li>\n<li><strong>Service de Ramassage et Livraison<\/strong> : Profitez de notre service pratique de ramassage et livraison, vous n&rsquo;avez pas \u00e0 vous soucier du transport de votre toile.<\/li>\n<\/ul>\n<div> <\/div>\n<p><strong>Notre processus de r\u00e9paration :<\/strong><\/p>\n<ol>\n<li><strong>Inspection<\/strong> : Nous inspectons soigneusement votre toile et fournissons un diagnostic clair des dommages.<\/li>\n<li><strong>R\u00e9paration ou Remplacement<\/strong> : Nous proc\u00e9dons \u00e0 des r\u00e9parations efficaces ou, si n\u00e9cessaire, fabriquons une toile de remplacement.<\/li>\n<li><strong>Contr\u00f4le de Qualit\u00e9<\/strong> : Apr\u00e8s les r\u00e9parations, nous nous assurons que la toile r\u00e9pond \u00e0 nos normes de qualit\u00e9 avant la livraison.<\/li>\n<\/ol>\n<div> <\/div>\n<p>Chez Alyak 2000 Inc., nous nous engageons \u00e0 offrir des r\u00e9parations rapides et de haute qualit\u00e9 ainsi que des solutions de remplacement, pour que votre toile soit toujours pr\u00eate \u00e0 prot\u00e9ger votre cargaison.<\/p>\n\t\t\t\t\t\t\t\t<\/div>\n\t\t\t\t<\/div>\n\t\t\t\t<\/div>\n\t\t\t\t<\/div>\n\t\t<div class=\"elementor-element elementor-element-35ae09f8 e-con-full e-flex e-con e-parent\" data-id=\"35ae09f8\" data-element_type=\"container\" data-settings=\"{&quot;background_background&quot;:&quot;classic&quot;}\">\n\t\t<div class=\"elementor-element elementor-element-13c4bd2b e-con-full e-flex e-con e-child\" data-id=\"13c4bd2b\" data-element_type=\"container\">\n\t\t\t\t<div class=\"elementor-element elementor-element-3342a15c elementor-widget elementor-widget-heading\" data-id=\"3342a15c\" data-element_type=\"widget\" data-widget_type=\"heading.default\">\n\t\t\t\t<div class=\"elementor-widget-container\">\n\t\t\t\t\t<h2 class=\"elementor-heading-title elementor-size-default\">Demande de renseignement<\/h2>\t\t\t\t<\/div>\n\t\t\t\t<\/div>\n\t\t\t\t<div class=\"elementor-element elementor-element-2a285e37 elementor-widget elementor-widget-text-editor\" data-id=\"2a285e37\" data-element_type=\"widget\" data-widget_type=\"text-editor.default\">\n\t\t\t\t<div class=\"elementor-widget-container\">\n\t\t\t\t\t\t\t\t\t<p>Merci de remplir le formulaire ci-dessous avec vos coordonn\u00e9es et vos questions, et nous vous r\u00e9pondrons dans les plus brefs d\u00e9lais. Votre satisfaction est notre priorit\u00e9, et nous sommes l\u00e0 pour vous fournir toutes les informations dont vous avez besoin.<\/p>\n\t\t\t\t\t\t\t\t<\/div>\n\t\t\t\t<\/div>\n\t\t\t\t<div class=\"elementor-element elementor-element-b9dc04 elementor-widget elementor-widget-text-editor\" data-id=\"b9dc04\" data-element_type=\"widget\" data-widget_type=\"text-editor.default\">\n\t\t\t\t<div class=\"elementor-widget-container\">\n\t\t\t\t\t\t\t\t\t<p>Merci de choisir Alyak 2000 pour vos besoins en toile et en services connexes. Nous sommes impatients de r\u00e9pondre \u00e0 toutes vos questions!<\/p>\n\t\t\t\t\t\t\t\t<\/div>\n\t\t\t\t<\/div>\n\t\t\t\t<\/div>\n\t\t<div class=\"elementor-element elementor-element-540986de e-con-full e-flex e-con e-child\" data-id=\"540986de\" data-element_type=\"container\" data-settings=\"{&quot;background_background&quot;:&quot;classic&quot;}\">\n\t\t\t\t<div class=\"elementor-element elementor-element-49db81f form-btn elementor-button-align-stretch elementor-widget elementor-widget-form\" data-id=\"49db81f\" data-element_type=\"widget\" data-settings=\"{&quot;step_next_label&quot;:&quot;Suivant&quot;,&quot;step_previous_label&quot;:&quot;Pr\\u00e9c\\u00e9dent&quot;,&quot;button_width&quot;:&quot;100&quot;,&quot;step_type&quot;:&quot;number_text&quot;,&quot;step_icon_shape&quot;:&quot;circle&quot;}\" data-widget_type=\"form.default\">\n\t\t\t\t<div class=\"elementor-widget-container\">\n\t\t\t\t\t\t\t<form class=\"elementor-form\" method=\"post\" name=\"Noueau formulaire\" aria-label=\"Noueau formulaire\">\n\t\t\t<input type=\"hidden\" name=\"post_id\" value=\"5407\"\/>\n\t\t\t<input type=\"hidden\" name=\"form_id\" value=\"49db81f\"\/>\n\t\t\t<input type=\"hidden\" name=\"referer_title\" value=\"R\u00e9paration de toiles - Alyak 2000 Inc\" \/>\n\n\t\t\t\t\t\t\t<input type=\"hidden\" name=\"queried_id\" value=\"5407\"\/>\n\t\t\t\n\t\t\t<div class=\"elementor-form-fields-wrapper elementor-labels-above\">\n\t\t\t\t\t\t\t\t<div class=\"elementor-field-type-text elementor-field-group elementor-column elementor-field-group-name elementor-col-100 elementor-field-required elementor-mark-required\">\n\t\t\t\t\t\t\t\t\t\t\t\t<label for=\"form-field-name\" class=\"elementor-field-label\">\n\t\t\t\t\t\t\t\tNom\t\t\t\t\t\t\t<\/label>\n\t\t\t\t\t\t\t\t\t\t\t\t\t\t<input size=\"1\" type=\"text\" name=\"form_fields[name]\" id=\"form-field-name\" class=\"elementor-field elementor-size-sm  elementor-field-textual\" placeholder=\"Nom\" required=\"required\">\n\t\t\t\t\t\t\t\t\t\t\t<\/div>\n\t\t\t\t\t\t\t\t<div class=\"elementor-field-type-email elementor-field-group elementor-column elementor-field-group-email elementor-col-100 elementor-field-required elementor-mark-required\">\n\t\t\t\t\t\t\t\t\t\t\t\t<label for=\"form-field-email\" class=\"elementor-field-label\">\n\t\t\t\t\t\t\t\tEmail\t\t\t\t\t\t\t<\/label>\n\t\t\t\t\t\t\t\t\t\t\t\t\t\t<input size=\"1\" type=\"email\" name=\"form_fields[email]\" id=\"form-field-email\" class=\"elementor-field elementor-size-sm  elementor-field-textual\" placeholder=\"Email\" required=\"required\">\n\t\t\t\t\t\t\t\t\t\t\t<\/div>\n\t\t\t\t\t\t\t\t<div class=\"elementor-field-type-text elementor-field-group elementor-column elementor-field-group-field_bcc17cd elementor-col-100 elementor-field-required elementor-mark-required\">\n\t\t\t\t\t\t\t\t\t\t\t\t<label for=\"form-field-field_bcc17cd\" class=\"elementor-field-label\">\n\t\t\t\t\t\t\t\tNom de la compagnie\t\t\t\t\t\t\t<\/label>\n\t\t\t\t\t\t\t\t\t\t\t\t\t\t<input size=\"1\" type=\"text\" name=\"form_fields[field_bcc17cd]\" id=\"form-field-field_bcc17cd\" class=\"elementor-field elementor-size-sm  elementor-field-textual\" placeholder=\"Nom de la compagnie\" required=\"required\">\n\t\t\t\t\t\t\t\t\t\t\t<\/div>\n\t\t\t\t\t\t\t\t<div class=\"elementor-field-type-tel elementor-field-group elementor-column elementor-field-group-field_e9262bb elementor-col-100 elementor-field-required elementor-mark-required\">\n\t\t\t\t\t\t\t\t\t\t\t\t<label for=\"form-field-field_e9262bb\" class=\"elementor-field-label\">\n\t\t\t\t\t\t\t\tNum\u00e9ro de t\u00e9l\u00e9phone\t\t\t\t\t\t\t<\/label>\n\t\t\t\t\t\t\t\t<input size=\"1\" type=\"tel\" name=\"form_fields[field_e9262bb]\" id=\"form-field-field_e9262bb\" class=\"elementor-field elementor-size-sm  elementor-field-textual\" placeholder=\"Num\u00e9ro de t\u00e9l\u00e9phone\" required=\"required\" pattern=\"[0-9()#&amp;+*-=.]+\" title=\"Seuls les caract\u00e8res de num\u00e9ros de t\u00e9l\u00e9phone (#, -, *, etc.) sont accept\u00e9s.\">\n\n\t\t\t\t\t\t<\/div>\n\t\t\t\t\t\t\t\t<div class=\"elementor-field-type-textarea elementor-field-group elementor-column elementor-field-group-message elementor-col-100 elementor-field-required elementor-mark-required\">\n\t\t\t\t\t\t\t\t\t\t\t\t<label for=\"form-field-message\" class=\"elementor-field-label\">\n\t\t\t\t\t\t\t\tMessage\t\t\t\t\t\t\t<\/label>\n\t\t\t\t\t\t<textarea class=\"elementor-field-textual elementor-field  elementor-size-sm\" name=\"form_fields[message]\" id=\"form-field-message\" rows=\"4\" placeholder=\"Message\" required=\"required\"><\/textarea>\t\t\t\t<\/div>\n\t\t\t\t\t\t\t\t<div class=\"elementor-field-type-recaptcha_v3 elementor-field-group elementor-column elementor-field-group-field_582654e elementor-col-100 recaptcha_v3-bottomright\">\n\t\t\t\t\t<div class=\"elementor-field\" id=\"form-field-field_582654e\"><div class=\"elementor-g-recaptcha\" data-sitekey=\"6LeIxXsUAAAAAIbN2fAUMX-eodEb1iHtLuBUDZpD\" data-type=\"v3\" data-action=\"Form\" data-badge=\"bottomright\" data-size=\"invisible\"><\/div><\/div>\t\t\t\t<\/div>\n\t\t\t\t\t\t\t\t<div class=\"elementor-field-group elementor-column elementor-field-type-submit elementor-col-100 e-form__buttons\">\n\t\t\t\t\t<button class=\"elementor-button elementor-size-sm\" type=\"submit\">\n\t\t\t\t\t\t<span class=\"elementor-button-content-wrapper\">\n\t\t\t\t\t\t\t\t\t\t\t\t\t\t\t\t\t\t\t\t\t\t<span class=\"elementor-button-text\">Envoyer<\/span>\n\t\t\t\t\t\t\t\t\t\t\t\t\t<\/span>\n\t\t\t\t\t<\/button>\n\t\t\t\t<\/div>\n\t\t\t<\/div>\n\t\t<\/form>\n\t\t\t\t\t\t<\/div>\n\t\t\t\t<\/div>\n\t\t\t\t<\/div>\n\t\t\t\t<\/div>\n\t\t\t\t<\/div>\n\t\t","protected":false},"excerpt":{"rendered":"<p>R\u00e9paration de toiles R\u00e9parations de toiles de camion traditionnelles Chez Alyak 2000 Inc., nous sommes sp\u00e9cialis\u00e9s dans les r\u00e9parations rapides et fiables des toiles de camion traditionnelles. Que votre toile soit endommag\u00e9e par l\u2019usure, les intemp\u00e9ries ou un impact accidentel, notre \u00e9quipe experte est l\u00e0 pour la remettre en \u00e9tat afin de prot\u00e9ger efficacement votre [&hellip;]<\/p>\n","protected":false},"author":2,"featured_media":0,"parent":4850,"menu_order":0,"comment_status":"closed","ping_status":"closed","template":"elementor_header_footer","meta":{"footnotes":""},"class_list":["post-5407","page","type-page","status-publish","hentry"],"yoast_head":"<!-- This site is optimized with the Yoast SEO plugin v26.4 - https:\/\/yoast.com\/wordpress\/plugins\/seo\/ -->\n<title>R\u00e9paration de toiles - Alyak 2000 Inc<\/title>\n<meta name=\"robots\" content=\"index, follow, max-snippet:-1, max-image-preview:large, max-video-preview:-1\" \/>\n<link rel=\"canonical\" href=\"https:\/\/www.alyak2000.ca\/fr\/services\/reparation-de-toiles-camion\/\" \/>\n<meta property=\"og:locale\" content=\"fr_FR\" \/>\n<meta property=\"og:type\" content=\"article\" \/>\n<meta property=\"og:title\" content=\"R\u00e9paration de toiles - Alyak 2000 Inc\" \/>\n<meta property=\"og:description\" content=\"R\u00e9paration de toiles R\u00e9parations de toiles de camion traditionnelles Chez Alyak 2000 Inc., nous sommes sp\u00e9cialis\u00e9s dans les r\u00e9parations rapides et fiables des toiles de camion traditionnelles. Que votre toile soit endommag\u00e9e par l\u2019usure, les intemp\u00e9ries ou un impact accidentel, notre \u00e9quipe experte est l\u00e0 pour la remettre en \u00e9tat afin de prot\u00e9ger efficacement votre [&hellip;]\" \/>\n<meta property=\"og:url\" content=\"https:\/\/www.alyak2000.ca\/fr\/services\/reparation-de-toiles-camion\/\" \/>\n<meta property=\"og:site_name\" content=\"Alyak 2000 Inc\" \/>\n<meta property=\"article:publisher\" content=\"https:\/\/www.facebook.com\/alyak2000\" \/>\n<meta property=\"article:modified_time\" content=\"2024-12-20T13:05:17+00:00\" \/>\n<meta property=\"og:image\" content=\"https:\/\/www.alyak2000.ca\/wp-content\/uploads\/2024\/04\/reparation-toile-4x6-sonya-messier-min.jpg\" \/>\n\t<meta property=\"og:image:width\" content=\"1200\" \/>\n\t<meta property=\"og:image:height\" content=\"600\" \/>\n\t<meta property=\"og:image:type\" content=\"image\/jpeg\" \/>\n<meta name=\"twitter:card\" content=\"summary_large_image\" \/>\n<meta name=\"twitter:label1\" content=\"Dur\u00e9e de lecture estim\u00e9e\" \/>\n\t<meta name=\"twitter:data1\" content=\"2 minutes\" \/>\n<script type=\"application\/ld+json\" class=\"yoast-schema-graph\">{\"@context\":\"https:\/\/schema.org\",\"@graph\":[{\"@type\":\"WebPage\",\"@id\":\"https:\/\/www.alyak2000.ca\/fr\/services\/reparation-de-toiles-camion\/\",\"url\":\"https:\/\/www.alyak2000.ca\/fr\/services\/reparation-de-toiles-camion\/\",\"name\":\"R\u00e9paration de toiles - Alyak 2000 Inc\",\"isPartOf\":{\"@id\":\"https:\/\/www.alyak2000.ca\/fr\/en\/#website\"},\"primaryImageOfPage\":{\"@id\":\"https:\/\/www.alyak2000.ca\/fr\/services\/reparation-de-toiles-camion\/#primaryimage\"},\"image\":{\"@id\":\"https:\/\/www.alyak2000.ca\/fr\/services\/reparation-de-toiles-camion\/#primaryimage\"},\"thumbnailUrl\":\"https:\/\/www.alyak2000.ca\/wp-content\/uploads\/2024\/04\/reparation-toile-4x6-sonya-messier-min.jpg\",\"datePublished\":\"2024-10-07T20:08:03+00:00\",\"dateModified\":\"2024-12-20T13:05:17+00:00\",\"breadcrumb\":{\"@id\":\"https:\/\/www.alyak2000.ca\/fr\/services\/reparation-de-toiles-camion\/#breadcrumb\"},\"inLanguage\":\"fr-FR\",\"potentialAction\":[{\"@type\":\"ReadAction\",\"target\":[\"https:\/\/www.alyak2000.ca\/fr\/services\/reparation-de-toiles-camion\/\"]}]},{\"@type\":\"ImageObject\",\"inLanguage\":\"fr-FR\",\"@id\":\"https:\/\/www.alyak2000.ca\/fr\/services\/reparation-de-toiles-camion\/#primaryimage\",\"url\":\"https:\/\/www.alyak2000.ca\/wp-content\/uploads\/2024\/04\/reparation-toile-4x6-sonya-messier-min.jpg\",\"contentUrl\":\"https:\/\/www.alyak2000.ca\/wp-content\/uploads\/2024\/04\/reparation-toile-4x6-sonya-messier-min.jpg\"},{\"@type\":\"BreadcrumbList\",\"@id\":\"https:\/\/www.alyak2000.ca\/fr\/services\/reparation-de-toiles-camion\/#breadcrumb\",\"itemListElement\":[{\"@type\":\"ListItem\",\"position\":1,\"name\":\"Accueil\",\"item\":\"https:\/\/www.alyak2000.ca\/fr\/accueil\/\"},{\"@type\":\"ListItem\",\"position\":2,\"name\":\"Services et produits\",\"item\":\"https:\/\/www.alyak2000.ca\/fr\/services\/\"},{\"@type\":\"ListItem\",\"position\":3,\"name\":\"R\u00e9paration de toiles\"}]},{\"@type\":\"WebSite\",\"@id\":\"https:\/\/www.alyak2000.ca\/fr\/en\/#website\",\"url\":\"https:\/\/www.alyak2000.ca\/fr\/en\/\",\"name\":\"Alyak 2000 Inc.\",\"description\":\"R\u00e9paration et personnalisation de toiles\",\"publisher\":{\"@id\":\"https:\/\/www.alyak2000.ca\/fr\/en\/#organization\"},\"potentialAction\":[{\"@type\":\"SearchAction\",\"target\":{\"@type\":\"EntryPoint\",\"urlTemplate\":\"https:\/\/www.alyak2000.ca\/fr\/en\/?s={search_term_string}\"},\"query-input\":{\"@type\":\"PropertyValueSpecification\",\"valueRequired\":true,\"valueName\":\"search_term_string\"}}],\"inLanguage\":\"fr-FR\"},{\"@type\":\"Organization\",\"@id\":\"https:\/\/www.alyak2000.ca\/fr\/en\/#organization\",\"name\":\"Alyak 2000 Inc.\",\"url\":\"https:\/\/www.alyak2000.ca\/fr\/en\/\",\"logo\":{\"@type\":\"ImageObject\",\"inLanguage\":\"fr-FR\",\"@id\":\"https:\/\/www.alyak2000.ca\/fr\/en\/#\/schema\/logo\/image\/\",\"url\":\"https:\/\/www.alyak2000.ca\/wp-content\/uploads\/2024\/04\/alyak-2000-logo-couleur-1.png\",\"contentUrl\":\"https:\/\/www.alyak2000.ca\/wp-content\/uploads\/2024\/04\/alyak-2000-logo-couleur-1.png\",\"width\":1152,\"height\":576,\"caption\":\"Alyak 2000 Inc.\"},\"image\":{\"@id\":\"https:\/\/www.alyak2000.ca\/fr\/en\/#\/schema\/logo\/image\/\"},\"sameAs\":[\"https:\/\/www.facebook.com\/alyak2000\"]}]}<\/script>\n<!-- \/ Yoast SEO plugin. -->","yoast_head_json":{"title":"R\u00e9paration de toiles - Alyak 2000 Inc","robots":{"index":"index","follow":"follow","max-snippet":"max-snippet:-1","max-image-preview":"max-image-preview:large","max-video-preview":"max-video-preview:-1"},"canonical":"https:\/\/www.alyak2000.ca\/fr\/services\/reparation-de-toiles-camion\/","og_locale":"fr_FR","og_type":"article","og_title":"R\u00e9paration de toiles - Alyak 2000 Inc","og_description":"R\u00e9paration de toiles R\u00e9parations de toiles de camion traditionnelles Chez Alyak 2000 Inc., nous sommes sp\u00e9cialis\u00e9s dans les r\u00e9parations rapides et fiables des toiles de camion traditionnelles. Que votre toile soit endommag\u00e9e par l\u2019usure, les intemp\u00e9ries ou un impact accidentel, notre \u00e9quipe experte est l\u00e0 pour la remettre en \u00e9tat afin de prot\u00e9ger efficacement votre [&hellip;]","og_url":"https:\/\/www.alyak2000.ca\/fr\/services\/reparation-de-toiles-camion\/","og_site_name":"Alyak 2000 Inc","article_publisher":"https:\/\/www.facebook.com\/alyak2000","article_modified_time":"2024-12-20T13:05:17+00:00","og_image":[{"width":1200,"height":600,"url":"https:\/\/www.alyak2000.ca\/wp-content\/uploads\/2024\/04\/reparation-toile-4x6-sonya-messier-min.jpg","type":"image\/jpeg"}],"twitter_card":"summary_large_image","twitter_misc":{"Dur\u00e9e de lecture estim\u00e9e":"2 minutes"},"schema":{"@context":"https:\/\/schema.org","@graph":[{"@type":"WebPage","@id":"https:\/\/www.alyak2000.ca\/fr\/services\/reparation-de-toiles-camion\/","url":"https:\/\/www.alyak2000.ca\/fr\/services\/reparation-de-toiles-camion\/","name":"R\u00e9paration de toiles - Alyak 2000 Inc","isPartOf":{"@id":"https:\/\/www.alyak2000.ca\/fr\/en\/#website"},"primaryImageOfPage":{"@id":"https:\/\/www.alyak2000.ca\/fr\/services\/reparation-de-toiles-camion\/#primaryimage"},"image":{"@id":"https:\/\/www.alyak2000.ca\/fr\/services\/reparation-de-toiles-camion\/#primaryimage"},"thumbnailUrl":"https:\/\/www.alyak2000.ca\/wp-content\/uploads\/2024\/04\/reparation-toile-4x6-sonya-messier-min.jpg","datePublished":"2024-10-07T20:08:03+00:00","dateModified":"2024-12-20T13:05:17+00:00","breadcrumb":{"@id":"https:\/\/www.alyak2000.ca\/fr\/services\/reparation-de-toiles-camion\/#breadcrumb"},"inLanguage":"fr-FR","potentialAction":[{"@type":"ReadAction","target":["https:\/\/www.alyak2000.ca\/fr\/services\/reparation-de-toiles-camion\/"]}]},{"@type":"ImageObject","inLanguage":"fr-FR","@id":"https:\/\/www.alyak2000.ca\/fr\/services\/reparation-de-toiles-camion\/#primaryimage","url":"https:\/\/www.alyak2000.ca\/wp-content\/uploads\/2024\/04\/reparation-toile-4x6-sonya-messier-min.jpg","contentUrl":"https:\/\/www.alyak2000.ca\/wp-content\/uploads\/2024\/04\/reparation-toile-4x6-sonya-messier-min.jpg"},{"@type":"BreadcrumbList","@id":"https:\/\/www.alyak2000.ca\/fr\/services\/reparation-de-toiles-camion\/#breadcrumb","itemListElement":[{"@type":"ListItem","position":1,"name":"Accueil","item":"https:\/\/www.alyak2000.ca\/fr\/accueil\/"},{"@type":"ListItem","position":2,"name":"Services et produits","item":"https:\/\/www.alyak2000.ca\/fr\/services\/"},{"@type":"ListItem","position":3,"name":"R\u00e9paration de toiles"}]},{"@type":"WebSite","@id":"https:\/\/www.alyak2000.ca\/fr\/en\/#website","url":"https:\/\/www.alyak2000.ca\/fr\/en\/","name":"Alyak 2000 Inc.","description":"R\u00e9paration et personnalisation de toiles","publisher":{"@id":"https:\/\/www.alyak2000.ca\/fr\/en\/#organization"},"potentialAction":[{"@type":"SearchAction","target":{"@type":"EntryPoint","urlTemplate":"https:\/\/www.alyak2000.ca\/fr\/en\/?s={search_term_string}"},"query-input":{"@type":"PropertyValueSpecification","valueRequired":true,"valueName":"search_term_string"}}],"inLanguage":"fr-FR"},{"@type":"Organization","@id":"https:\/\/www.alyak2000.ca\/fr\/en\/#organization","name":"Alyak 2000 Inc.","url":"https:\/\/www.alyak2000.ca\/fr\/en\/","logo":{"@type":"ImageObject","inLanguage":"fr-FR","@id":"https:\/\/www.alyak2000.ca\/fr\/en\/#\/schema\/logo\/image\/","url":"https:\/\/www.alyak2000.ca\/wp-content\/uploads\/2024\/04\/alyak-2000-logo-couleur-1.png","contentUrl":"https:\/\/www.alyak2000.ca\/wp-content\/uploads\/2024\/04\/alyak-2000-logo-couleur-1.png","width":1152,"height":576,"caption":"Alyak 2000 Inc."},"image":{"@id":"https:\/\/www.alyak2000.ca\/fr\/en\/#\/schema\/logo\/image\/"},"sameAs":["https:\/\/www.facebook.com\/alyak2000"]}]}},"_links":{"self":[{"href":"https:\/\/www.alyak2000.ca\/fr\/wp-json\/wp\/v2\/pages\/5407","targetHints":{"allow":["GET"]}}],"collection":[{"href":"https:\/\/www.alyak2000.ca\/fr\/wp-json\/wp\/v2\/pages"}],"about":[{"href":"https:\/\/www.alyak2000.ca\/fr\/wp-json\/wp\/v2\/types\/page"}],"author":[{"embeddable":true,"href":"https:\/\/www.alyak2000.ca\/fr\/wp-json\/wp\/v2\/users\/2"}],"replies":[{"embeddable":true,"href":"https:\/\/www.alyak2000.ca\/fr\/wp-json\/wp\/v2\/comments?post=5407"}],"version-history":[{"count":4,"href":"https:\/\/www.alyak2000.ca\/fr\/wp-json\/wp\/v2\/pages\/5407\/revisions"}],"predecessor-version":[{"id":5472,"href":"https:\/\/www.alyak2000.ca\/fr\/wp-json\/wp\/v2\/pages\/5407\/revisions\/5472"}],"up":[{"embeddable":true,"href":"https:\/\/www.alyak2000.ca\/fr\/wp-json\/wp\/v2\/pages\/4850"}],"wp:attachment":[{"href":"https:\/\/www.alyak2000.ca\/fr\/wp-json\/wp\/v2\/media?parent=5407"}],"curies":[{"name":"wp","href":"https:\/\/api.w.org\/{rel}","templated":true}]}}